{"id":529,"date":"2024-02-29T22:04:59","date_gmt":"2024-02-29T21:04:59","guid":{"rendered":"https:\/\/simm-system.pl\/?page_id=529"},"modified":"2025-09-28T21:21:35","modified_gmt":"2025-09-28T19:21:35","slug":"nasz-zespol","status":"publish","type":"page","link":"https:\/\/simm-system.pl\/?page_id=529","title":{"rendered":"NASZ ZESP\u00d3\u0141"},"content":{"rendered":"\n<p><\/p>\n\n\n\n<p class=\"has-medium-font-size\"><strong><a href=\"https:\/\/simm-system.pl\/?page_id=169\">SZYMON KACA\u0141A &#8211; RATOWNIK \/ INSTRUKTOR <\/a><\/strong><\/p>\n\n\n\n<p class=\"has-medium-font-size\"><strong><a href=\"https:\/\/simm-system.pl\/?page_id=184\">ALEKSANDRA MACIEJEWSKA &#8211; RATOWNIK \/ INSTRUKTOR <\/a><\/strong><\/p>\n\n\n\n<figure class=\"wp-block-gallery has-nested-images columns-default is-cropped wp-block-gallery-1 is-layout-flex wp-block-gallery-is-layout-flex\">\n<figure class=\"wp-block-image size-large\"><a href=\"https:\/\/simm-system.pl\/?page_id=169\"><img loading=\"lazy\" decoding=\"async\" width=\"684\" height=\"1024\" data-id=\"538\" src=\"https:\/\/simm-system.pl\/wp-content\/uploads\/2024\/02\/dsc_7256_szare-2-684x1024.jpg\" alt=\"\" class=\"wp-image-538\" srcset=\"https:\/\/simm-system.pl\/wp-content\/uploads\/2024\/02\/dsc_7256_szare-2-684x1024.jpg 684w, https:\/\/simm-system.pl\/wp-content\/uploads\/2024\/02\/dsc_7256_szare-2-200x300.jpg 200w, https:\/\/simm-system.pl\/wp-content\/uploads\/2024\/02\/dsc_7256_szare-2-768x1150.jpg 768w, https:\/\/simm-system.pl\/wp-content\/uploads\/2024\/02\/dsc_7256_szare-2-1025x1536.jpg 1025w, https:\/\/simm-system.pl\/wp-content\/uploads\/2024\/02\/dsc_7256_szare-2-1367x2048.jpg 1367w, https:\/\/simm-system.pl\/wp-content\/uploads\/2024\/02\/dsc_7256_szare-2-600x899.jpg 600w, https:\/\/simm-system.pl\/wp-content\/uploads\/2024\/02\/dsc_7256_szare-2-scaled.jpg 1709w\" sizes=\"auto, (max-width: 684px) 100vw, 684px\" \/><\/a><\/figure>\n\n\n\n<figure class=\"wp-block-image size-large\"><a href=\"https:\/\/simm-system.pl\/?page_id=184\"><img loading=\"lazy\" decoding=\"async\" width=\"684\" height=\"1024\" data-id=\"537\" src=\"https:\/\/simm-system.pl\/wp-content\/uploads\/2024\/02\/dsc_7246_sz-1-684x1024.jpg\" alt=\"\" class=\"wp-image-537\" srcset=\"https:\/\/simm-system.pl\/wp-content\/uploads\/2024\/02\/dsc_7246_sz-1-684x1024.jpg 684w, https:\/\/simm-system.pl\/wp-content\/uploads\/2024\/02\/dsc_7246_sz-1-200x300.jpg 200w, https:\/\/simm-system.pl\/wp-content\/uploads\/2024\/02\/dsc_7246_sz-1-768x1150.jpg 768w, https:\/\/simm-system.pl\/wp-content\/uploads\/2024\/02\/dsc_7246_sz-1-1026x1536.jpg 1026w, https:\/\/simm-system.pl\/wp-content\/uploads\/2024\/02\/dsc_7246_sz-1-1367x2048.jpg 1367w, https:\/\/simm-system.pl\/wp-content\/uploads\/2024\/02\/dsc_7246_sz-1-600x899.jpg 600w, https:\/\/simm-system.pl\/wp-content\/uploads\/2024\/02\/dsc_7246_sz-1-scaled.jpg 1709w\" sizes=\"auto, (max-width: 684px) 100vw, 684px\" \/><\/a><\/figure>\n<\/figure>\n\n\n\n<hr class=\"wp-block-separator has-alpha-channel-opacity\"\/>\n","protected":false},"excerpt":{"rendered":"<p>SZYMON KACA\u0141A &#8211; RATOWNIK \/ INSTRUKTOR ALEKSANDRA MACIEJEWSKA &#8211; RATOWNIK \/ INSTRUKTOR<\/p>\n","protected":false},"author":1,"featured_media":0,"parent":0,"menu_order":0,"comment_status":"closed","ping_status":"closed","template":"","meta":{"footnotes":""},"class_list":["post-529","page","type-page","status-publish","hentry"],"yoast_head":"<!-- This site is optimized with the Yoast SEO plugin v20.0 - https:\/\/yoast.com\/wordpress\/plugins\/seo\/ -->\n<title>NASZ ZESP\u00d3\u0141 - simm-system<\/title>\n<meta name=\"robots\" content=\"index, follow, max-snippet:-1, max-image-preview:large, max-video-preview:-1\" \/>\n<link rel=\"canonical\" href=\"https:\/\/simm-system.pl\/?page_id=529\" \/>\n<meta property=\"og:locale\" content=\"pl_PL\" \/>\n<meta property=\"og:type\" content=\"article\" \/>\n<meta property=\"og:title\" content=\"NASZ ZESP\u00d3\u0141 - simm-system\" \/>\n<meta property=\"og:description\" content=\"SZYMON KACA\u0141A &#8211; RATOWNIK \/ INSTRUKTOR ALEKSANDRA MACIEJEWSKA &#8211; RATOWNIK \/ INSTRUKTOR\" \/>\n<meta property=\"og:url\" content=\"https:\/\/simm-system.pl\/?page_id=529\" \/>\n<meta property=\"og:site_name\" content=\"simm-system\" \/>\n<meta property=\"article:modified_time\" content=\"2025-09-28T19:21:35+00:00\" \/>\n<meta property=\"og:image\" content=\"https:\/\/simm-system.pl\/wp-content\/uploads\/2024\/02\/dsc_7256_szare-2-684x1024.jpg\" \/>\n<meta name=\"twitter:card\" content=\"summary_large_image\" \/>\n<meta name=\"twitter:label1\" content=\"Szacowany czas czytania\" \/>\n\t<meta name=\"twitter:data1\" content=\"1 minuta\" \/>\n<script type=\"application\/ld+json\" class=\"yoast-schema-graph\">{\"@context\":\"https:\/\/schema.org\",\"@graph\":[{\"@type\":\"WebPage\",\"@id\":\"https:\/\/simm-system.pl\/?page_id=529\",\"url\":\"https:\/\/simm-system.pl\/?page_id=529\",\"name\":\"NASZ ZESP\u00d3\u0141 - simm-system\",\"isPartOf\":{\"@id\":\"https:\/\/simm-system.pl\/#website\"},\"datePublished\":\"2024-02-29T21:04:59+00:00\",\"dateModified\":\"2025-09-28T19:21:35+00:00\",\"breadcrumb\":{\"@id\":\"https:\/\/simm-system.pl\/?page_id=529#breadcrumb\"},\"inLanguage\":\"pl-PL\",\"potentialAction\":[{\"@type\":\"ReadAction\",\"target\":[\"https:\/\/simm-system.pl\/?page_id=529\"]}]},{\"@type\":\"BreadcrumbList\",\"@id\":\"https:\/\/simm-system.pl\/?page_id=529#breadcrumb\",\"itemListElement\":[{\"@type\":\"ListItem\",\"position\":1,\"name\":\"Home\",\"item\":\"https:\/\/simm-system.pl\/\"},{\"@type\":\"ListItem\",\"position\":2,\"name\":\"NASZ ZESP\u00d3\u0141\"}]},{\"@type\":\"WebSite\",\"@id\":\"https:\/\/simm-system.pl\/#website\",\"url\":\"https:\/\/simm-system.pl\/\",\"name\":\"simm-system\",\"description\":\"Szkolenia za zakresu pierwszej pomocy BLS AED\",\"potentialAction\":[{\"@type\":\"SearchAction\",\"target\":{\"@type\":\"EntryPoint\",\"urlTemplate\":\"https:\/\/simm-system.pl\/?s={search_term_string}\"},\"query-input\":\"required name=search_term_string\"}],\"inLanguage\":\"pl-PL\"}]}<\/script>\n<!-- \/ Yoast SEO plugin. -->","yoast_head_json":{"title":"NASZ ZESP\u00d3\u0141 - simm-system","robots":{"index":"index","follow":"follow","max-snippet":"max-snippet:-1","max-image-preview":"max-image-preview:large","max-video-preview":"max-video-preview:-1"},"canonical":"https:\/\/simm-system.pl\/?page_id=529","og_locale":"pl_PL","og_type":"article","og_title":"NASZ ZESP\u00d3\u0141 - simm-system","og_description":"SZYMON KACA\u0141A &#8211; RATOWNIK \/ INSTRUKTOR ALEKSANDRA MACIEJEWSKA &#8211; RATOWNIK \/ INSTRUKTOR","og_url":"https:\/\/simm-system.pl\/?page_id=529","og_site_name":"simm-system","article_modified_time":"2025-09-28T19:21:35+00:00","og_image":[{"url":"https:\/\/simm-system.pl\/wp-content\/uploads\/2024\/02\/dsc_7256_szare-2-684x1024.jpg"}],"twitter_card":"summary_large_image","twitter_misc":{"Szacowany czas czytania":"1 minuta"},"schema":{"@context":"https:\/\/schema.org","@graph":[{"@type":"WebPage","@id":"https:\/\/simm-system.pl\/?page_id=529","url":"https:\/\/simm-system.pl\/?page_id=529","name":"NASZ ZESP\u00d3\u0141 - simm-system","isPartOf":{"@id":"https:\/\/simm-system.pl\/#website"},"datePublished":"2024-02-29T21:04:59+00:00","dateModified":"2025-09-28T19:21:35+00:00","breadcrumb":{"@id":"https:\/\/simm-system.pl\/?page_id=529#breadcrumb"},"inLanguage":"pl-PL","potentialAction":[{"@type":"ReadAction","target":["https:\/\/simm-system.pl\/?page_id=529"]}]},{"@type":"BreadcrumbList","@id":"https:\/\/simm-system.pl\/?page_id=529#breadcrumb","itemListElement":[{"@type":"ListItem","position":1,"name":"Home","item":"https:\/\/simm-system.pl\/"},{"@type":"ListItem","position":2,"name":"NASZ ZESP\u00d3\u0141"}]},{"@type":"WebSite","@id":"https:\/\/simm-system.pl\/#website","url":"https:\/\/simm-system.pl\/","name":"simm-system","description":"Szkolenia za zakresu pierwszej pomocy BLS AED","potentialAction":[{"@type":"SearchAction","target":{"@type":"EntryPoint","urlTemplate":"https:\/\/simm-system.pl\/?s={search_term_string}"},"query-input":"required name=search_term_string"}],"inLanguage":"pl-PL"}]}},"_links":{"self":[{"href":"https:\/\/simm-system.pl\/index.php?rest_route=\/wp\/v2\/pages\/529","targetHints":{"allow":["GET"]}}],"collection":[{"href":"https:\/\/simm-system.pl\/index.php?rest_route=\/wp\/v2\/pages"}],"about":[{"href":"https:\/\/simm-system.pl\/index.php?rest_route=\/wp\/v2\/types\/page"}],"author":[{"embeddable":true,"href":"https:\/\/simm-system.pl\/index.php?rest_route=\/wp\/v2\/users\/1"}],"replies":[{"embeddable":true,"href":"https:\/\/simm-system.pl\/index.php?rest_route=%2Fwp%2Fv2%2Fcomments&post=529"}],"version-history":[{"count":4,"href":"https:\/\/simm-system.pl\/index.php?rest_route=\/wp\/v2\/pages\/529\/revisions"}],"predecessor-version":[{"id":599,"href":"https:\/\/simm-system.pl\/index.php?rest_route=\/wp\/v2\/pages\/529\/revisions\/599"}],"wp:attachment":[{"href":"https:\/\/simm-system.pl\/index.php?rest_route=%2Fwp%2Fv2%2Fmedia&parent=529"}],"curies":[{"name":"wp","href":"https:\/\/api.w.org\/{rel}","templated":true}]}}