{"id":45,"date":"2023-01-28T16:43:49","date_gmt":"2023-01-28T15:43:49","guid":{"rendered":"https:\/\/server776220.nazwa.pl\/wordpress\/wpn_simm-system2\/?page_id=45"},"modified":"2024-02-24T21:56:07","modified_gmt":"2024-02-24T20:56:07","slug":"uzytkownik","status":"publish","type":"page","link":"https:\/\/simm-system.pl\/?page_id=45","title":{"rendered":"OPINIE KURSANT\u00d3W"},"content":{"rendered":"\n<p><\/p>\n\n\n\n<figure class=\"wp-block-pullquote has-small-font-size\"><blockquote><p>&#8222;Ten, kto ratuje \u017cycie jednego cz\u0142owieka, ratuje ca\u0142y \u015bwiat&#8221; T. Keneally.<br>Wspania\u0142a kadra instruktorska, ogromna dawka rzetelnych informacji, \u0107wiczenia praktyczne na profesjonalnym sprz\u0119cie, a do tego rewelacyjna atmosfera na zaj\u0119ciach. Z ca\u0142ego serca polecam szkolenie Pierwszej Pomocy Przedmedycznej organizowany przez Simm-System.pl<\/p><cite>simm-system.pl | facebook<\/cite><\/blockquote><\/figure>\n\n\n\n<figure class=\"wp-block-pullquote has-small-font-size\"><blockquote><p>Dziekuj\u0119 za profesjonalne szkolenie. Uwa\u017cam, \u017ce ka\u017cdy, bez wyj\u0105tku powinien uczestniczy\u0107 w takim wydarzeniu. Polecam! <img loading=\"lazy\" decoding=\"async\" height=\"16\" width=\"16\" src=\"https:\/\/static.xx.fbcdn.net\/images\/emoji.php\/v9\/ta5\/1.5\/16\/1f642.png\" alt=\"\ud83d\ude42\"><\/p><cite>simm-system.pl | facebook<\/cite><\/blockquote><\/figure>\n\n\n\n<figure class=\"wp-block-pullquote has-small-font-size\"><blockquote><p>Szkolenie \u015bwietne, przeprowadzone bardzo profesjonalnie. Takich szkole\u0144 powinno by\u0107 jak najwi\u0119cej. Bardzo dzi\u0119kuj\u0119.<\/p><cite>simm-system.pl | facebook<\/cite><\/blockquote><\/figure>\n\n\n\n<figure class=\"wp-block-pullquote has-small-font-size\"><blockquote><p>(&#8230;) S\u0142ysza\u0142em, \u017ce szkolenie by\u0142o genialne <img loading=\"lazy\" decoding=\"async\" height=\"16\" width=\"16\" src=\"https:\/\/static.xx.fbcdn.net\/images\/emoji.php\/v9\/tc5\/1.5\/16\/1f4aa.png\" alt=\"\ud83d\udcaa\"> Nie wszyscy chcieli by\u0107, a teraz chc\u0105 to powt\u00f3rzy\u0107 <img loading=\"lazy\" decoding=\"async\" height=\"16\" width=\"16\" src=\"https:\/\/static.xx.fbcdn.net\/images\/emoji.php\/v9\/ta8\/1.5\/16\/1f601.png\" alt=\"\ud83d\ude01\"> Masz super profesjonalne podej\u015bcie do sprawy. \u017ba\u0142uj\u0119, \u017ce mnie nie by\u0142o.<\/p><cite>simm-system.pl | facebook<\/cite><\/blockquote><\/figure>\n\n\n\n<figure class=\"wp-block-pullquote has-small-font-size\"><blockquote><p>Kurs na poziomie mistrzowskim! Emocje i adrenalina zwali\u0142y mnie z n\u00f3g\u00a0<img loading=\"lazy\" decoding=\"async\" height=\"16\" width=\"16\" src=\"https:\/\/static.xx.fbcdn.net\/images\/emoji.php\/v9\/t5e\/1.5\/16\/1f92f.png\" alt=\"\ud83e\udd2f\"><img loading=\"lazy\" decoding=\"async\" height=\"16\" width=\"16\" src=\"https:\/\/static.xx.fbcdn.net\/images\/emoji.php\/v9\/tab\/1.5\/16\/1f648.png\" alt=\"\ud83d\ude48\">Brawo Wy!!!<\/p><cite>simm-system.pl | facebook<\/cite><\/blockquote><\/figure>\n\n\n\n<figure class=\"wp-block-pullquote has-small-font-size\"><blockquote><p>Prowadz\u0105cy Mistrzostwo\u00a0<img loading=\"lazy\" decoding=\"async\" height=\"16\" width=\"16\" src=\"https:\/\/static.xx.fbcdn.net\/images\/emoji.php\/v9\/tf3\/1.5\/16\/2764.png\" alt=\"\u2764\ufe0f\">\u00a0Fantastycznie dzi\u0119kuj\u0119 za wspania\u0142e symulacje\u00a0<img loading=\"lazy\" decoding=\"async\" height=\"16\" width=\"16\" src=\"https:\/\/static.xx.fbcdn.net\/images\/emoji.php\/v9\/ta8\/1.5\/16\/1f601.png\" alt=\"\ud83d\ude01\">\u00a0Legendy o was b\u0119d\u0105\u00a0<img loading=\"lazy\" decoding=\"async\" height=\"16\" width=\"16\" src=\"https:\/\/static.xx.fbcdn.net\/images\/emoji.php\/v9\/tc5\/1.5\/16\/1f4aa.png\" alt=\"\ud83d\udcaa\"><\/p><cite>simm-system.pl | facebook<\/cite><\/blockquote><\/figure>\n\n\n\n<figure class=\"wp-block-pullquote has-small-font-size\"><blockquote><p>Bardzo profesjonalne, pe\u0142ne energi, humoru i przede wszystkim praktyki. Jest moc!<\/p><cite>simm-system.pl | facebook<\/cite><\/blockquote><\/figure>\n\n\n\n<figure class=\"wp-block-pullquote has-small-font-size\"><blockquote><p>Instruktorzy TOP\u00a0<img loading=\"lazy\" decoding=\"async\" height=\"16\" width=\"16\" src=\"https:\/\/static.xx.fbcdn.net\/images\/emoji.php\/v9\/tb9\/1.5\/16\/1f51d.png\" alt=\"\ud83d\udd1d\"><img loading=\"lazy\" decoding=\"async\" height=\"16\" width=\"16\" src=\"https:\/\/static.xx.fbcdn.net\/images\/emoji.php\/v9\/tad\/1.5\/16\/1f9be.png\" alt=\"\ud83e\uddbe\"> do\u015bwiadczenie i wiedza- dzi\u0119kujemy\u00a0<img loading=\"lazy\" decoding=\"async\" height=\"16\" width=\"16\" src=\"https:\/\/static.xx.fbcdn.net\/images\/emoji.php\/v9\/t55\/1.5\/16\/1f44d.png\" alt=\"\ud83d\udc4d\"><\/p><cite>simm-system.pl | facebook<\/cite><\/blockquote><\/figure>\n\n\n\n<figure class=\"wp-block-pullquote has-small-font-size\"><blockquote><p>Szkolenie, w kt\u00f3rym bra\u0142am udzia\u0142 jest jak najbardziej godne polecenia. Profesjonalne podej\u015bcie do tematu, bardzo dobry kontakt prowadz\u0105cego z grup\u0105 podczas zaj\u0119\u0107, swobodna atmosfera. Nie by\u0142o pyta\u0144, kt\u00f3re pozosta\u0142yby bez odpowiedzi. <br>Jak najbardziej polecam <img loading=\"lazy\" decoding=\"async\" height=\"16\" width=\"16\" src=\"https:\/\/static.xx.fbcdn.net\/images\/emoji.php\/v9\/ta5\/1.5\/16\/1f642.png\" alt=\"\ud83d\ude42\"><\/p><cite>simm-system.pl | facebook<\/cite><\/blockquote><\/figure>\n\n\n\n<figure class=\"wp-block-pullquote has-small-font-size\"><blockquote><p>Bardzo polecamy szkolenia Pana Szymona, rzetelna wiedza przekazana w zabawny, zrozumia\u0142y dla dzieci spos\u00f3b. Dzieci ch\u0119tnie bra\u0142y udzia\u0142 w praktycznych zaj\u0119ciach, co bardziej pozwoli\u0142o im przyswoi\u0107 wiedz\u0119.<br>Bardzo dzi\u0119kujemy i polecany.<br>Oddzia\u0142 przedszkolny w Piotrkowiczkach<\/p><cite>simm-system.pl | facebook<\/cite><\/blockquote><\/figure>\n\n\n\n<figure class=\"wp-block-pullquote has-small-font-size\"><blockquote><p>Profesjonalizm i 100% zaanga\u017cowania. Cz\u0142owiek z wielkim sercem do pracy jak\u0105 wykonuje. Zaj\u0119cia w grupie dzieci przedszkolnych bardzo pouczaj\u0105ce i przeprowadzone w lu\u017any spos\u00f3b pozwalaj\u0105cy na przyswojenie og\u00f3lnej wiedzy dostosowanej do wieku uczestnik\u00f3w. Serdeczne podzi\u0119kowania <img loading=\"lazy\" decoding=\"async\" height=\"16\" width=\"16\" src=\"https:\/\/static.xx.fbcdn.net\/images\/emoji.php\/v9\/ta5\/1.5\/16\/1f642.png\" alt=\"\ud83d\ude42\"><\/p><cite>simm-system.pl | facebook<\/cite><\/blockquote><\/figure>\n\n\n\n<figure class=\"wp-block-pullquote has-small-font-size\"><blockquote><p>Ostatnio mia\u0142am przyjemno\u015b\u0107 go\u015bci\u0107 u siebie Szymona, kt\u00f3ry poprowadzi\u0142 u nas szkolenie z pierwszej pomocy. Szymon to mega pozytywna osoba, zaj\u0119cia przebieg\u0142y w \u015bwietnej atmosferze, na luzie.<br>Wiedz\u0119 przekazuje po mistrzowsku. 100% profesjonalizmu!!!<br>Polecam z calego serca!!!!<\/p><cite>simm-system.pl | facebook<\/cite><\/blockquote><\/figure>\n\n\n\n<figure class=\"wp-block-pullquote has-small-font-size\"><blockquote><p>Profesjonalne podej\u015bcie do zagadnie\u0144 zwi\u0105zanych z ratownictwem medycznym. Podczas szkolenia przekazane zosta\u0142o wiele praktycznych porad, a to wszystko przy \u015bwietnym humorze i u\u015bmiechu. Polecam z czystym sumieniem <img loading=\"lazy\" decoding=\"async\" height=\"16\" width=\"16\" src=\"https:\/\/static.xx.fbcdn.net\/images\/emoji.php\/v9\/ta5\/1.5\/16\/1f642.png\" alt=\"\ud83d\ude42\"><\/p><cite>simm-system.pl | facebook<\/cite><\/blockquote><\/figure>\n\n\n\n<figure class=\"wp-block-pullquote has-small-font-size\"><blockquote><p>Super szkolenie polecam\u00a0<img loading=\"lazy\" decoding=\"async\" height=\"24\" width=\"24\" src=\"https:\/\/static.xx.fbcdn.net\/images\/emoji.php\/v9\/t4\/1.5\/24\/1f600.png\" alt=\"\ud83d\ude00\"><\/p><cite>simm-system.pl | facebook<\/cite><\/blockquote><\/figure>\n\n\n\n<figure class=\"wp-block-pullquote has-small-font-size\"><blockquote><p>Dzi\u0119kujemy bardzo za profesjonalne szkolenie i wspania\u0142\u0105 atmosfer\u0119! Szymon jeste\u015b najlepszy!<\/p><cite>simm-system.pl | facebook<\/cite><\/blockquote><\/figure>\n\n\n\n<figure class=\"wp-block-pullquote has-small-font-size\"><blockquote><p>Doskonale szkolenie, w przyst\u0119pnej formie<img loading=\"lazy\" decoding=\"async\" height=\"16\" width=\"16\" src=\"https:\/\/static.xx.fbcdn.net\/images\/emoji.php\/v9\/tb0\/1.5\/16\/1f609.png\" alt=\"\ud83d\ude09\">. Bez dotychczasowych obaw mog\u0119 teraz pr\u00f3bowa\u0107 komu\u015b pomoc. <br>Obym nie musia\u0142a rego robi\u0107. Pozdrawiam przebojowego ratownika-szkoleniowca.<\/p><cite>simm-system.pl | facebook<\/cite><\/blockquote><\/figure>\n\n\n\n<figure class=\"wp-block-pullquote has-small-font-size\"><blockquote><p>\u015awietne szkolenie, \u015bwietny prowadz\u0105cy! Bez zb\u0119dnej teorii, praktycznie mo\u017cna pozna\u0107 &#8222;tajniki&#8221; udzielania pierwszej pomocy<img loading=\"lazy\" decoding=\"async\" height=\"16\" width=\"16\" src=\"https:\/\/static.xx.fbcdn.net\/images\/emoji.php\/v9\/t82\/1.5\/16\/263a.png\" alt=\"\u263a\ufe0f\"><\/p><cite>simm-system.pl | facebook<\/cite><\/blockquote><\/figure>\n\n\n\n<figure class=\"wp-block-pullquote has-small-font-size\"><blockquote><p>Merytoryka i sprawno\u015b\u0107 szkolenia z udzielania pierwszej pomocy.<\/p><cite>simm-system.pl | facebook<\/cite><\/blockquote><\/figure>\n","protected":false},"excerpt":{"rendered":"<p>&#8222;Ten, kto ratuje \u017cycie jednego cz\u0142owieka, ratuje ca\u0142y \u015bwiat&#8221; T. Keneally.Wspania\u0142a kadra instruktorska, ogromna dawka rzetelnych informacji, \u0107wiczenia praktyczne na profesjonalnym sprz\u0119cie, a do tego&hellip;<\/p>\n","protected":false},"author":1,"featured_media":0,"parent":0,"menu_order":0,"comment_status":"closed","ping_status":"closed","template":"","meta":{"footnotes":""},"class_list":["post-45","page","type-page","status-publish","hentry"],"yoast_head":"<!-- This site is optimized with the Yoast SEO plugin v20.0 - https:\/\/yoast.com\/wordpress\/plugins\/seo\/ -->\n<title>OPINIE KURSANT\u00d3W - simm-system<\/title>\n<meta name=\"description\" content=\"Zasoby dla u\u017cytkownik\u00f3w i kursant\u00f3w simm-system\" \/>\n<meta name=\"robots\" content=\"index, follow, max-snippet:-1, max-image-preview:large, max-video-preview:-1\" \/>\n<link rel=\"canonical\" href=\"https:\/\/simm-system.pl\/?page_id=45\" \/>\n<meta property=\"og:locale\" content=\"pl_PL\" \/>\n<meta property=\"og:type\" content=\"article\" \/>\n<meta property=\"og:title\" content=\"OPINIE KURSANT\u00d3W - simm-system\" \/>\n<meta property=\"og:description\" content=\"Zasoby dla u\u017cytkownik\u00f3w i kursant\u00f3w simm-system\" \/>\n<meta property=\"og:url\" content=\"https:\/\/simm-system.pl\/?page_id=45\" \/>\n<meta property=\"og:site_name\" content=\"simm-system\" \/>\n<meta property=\"article:modified_time\" content=\"2024-02-24T20:56:07+00:00\" \/>\n<meta property=\"og:image\" content=\"https:\/\/static.xx.fbcdn.net\/images\/emoji.php\/v9\/ta5\/1.5\/16\/1f642.png\" \/>\n<meta name=\"twitter:card\" content=\"summary_large_image\" \/>\n<meta name=\"twitter:label1\" content=\"Szacowany czas czytania\" \/>\n\t<meta name=\"twitter:data1\" content=\"1 minuta\" \/>\n<script type=\"application\/ld+json\" class=\"yoast-schema-graph\">{\"@context\":\"https:\/\/schema.org\",\"@graph\":[{\"@type\":\"WebPage\",\"@id\":\"https:\/\/simm-system.pl\/?page_id=45\",\"url\":\"https:\/\/simm-system.pl\/?page_id=45\",\"name\":\"OPINIE KURSANT\u00d3W - simm-system\",\"isPartOf\":{\"@id\":\"https:\/\/simm-system.pl\/#website\"},\"datePublished\":\"2023-01-28T15:43:49+00:00\",\"dateModified\":\"2024-02-24T20:56:07+00:00\",\"description\":\"Zasoby dla u\u017cytkownik\u00f3w i kursant\u00f3w simm-system\",\"breadcrumb\":{\"@id\":\"https:\/\/simm-system.pl\/?page_id=45#breadcrumb\"},\"inLanguage\":\"pl-PL\",\"potentialAction\":[{\"@type\":\"ReadAction\",\"target\":[\"https:\/\/simm-system.pl\/?page_id=45\"]}]},{\"@type\":\"BreadcrumbList\",\"@id\":\"https:\/\/simm-system.pl\/?page_id=45#breadcrumb\",\"itemListElement\":[{\"@type\":\"ListItem\",\"position\":1,\"name\":\"Home\",\"item\":\"https:\/\/simm-system.pl\/\"},{\"@type\":\"ListItem\",\"position\":2,\"name\":\"OPINIE KURSANT\u00d3W\"}]},{\"@type\":\"WebSite\",\"@id\":\"https:\/\/simm-system.pl\/#website\",\"url\":\"https:\/\/simm-system.pl\/\",\"name\":\"simm-system\",\"description\":\"Szkolenia za zakresu pierwszej pomocy BLS AED\",\"potentialAction\":[{\"@type\":\"SearchAction\",\"target\":{\"@type\":\"EntryPoint\",\"urlTemplate\":\"https:\/\/simm-system.pl\/?s={search_term_string}\"},\"query-input\":\"required name=search_term_string\"}],\"inLanguage\":\"pl-PL\"}]}<\/script>\n<!-- \/ Yoast SEO plugin. -->","yoast_head_json":{"title":"OPINIE KURSANT\u00d3W - simm-system","description":"Zasoby dla u\u017cytkownik\u00f3w i kursant\u00f3w simm-system","robots":{"index":"index","follow":"follow","max-snippet":"max-snippet:-1","max-image-preview":"max-image-preview:large","max-video-preview":"max-video-preview:-1"},"canonical":"https:\/\/simm-system.pl\/?page_id=45","og_locale":"pl_PL","og_type":"article","og_title":"OPINIE KURSANT\u00d3W - simm-system","og_description":"Zasoby dla u\u017cytkownik\u00f3w i kursant\u00f3w simm-system","og_url":"https:\/\/simm-system.pl\/?page_id=45","og_site_name":"simm-system","article_modified_time":"2024-02-24T20:56:07+00:00","og_image":[{"url":"https:\/\/static.xx.fbcdn.net\/images\/emoji.php\/v9\/ta5\/1.5\/16\/1f642.png"}],"twitter_card":"summary_large_image","twitter_misc":{"Szacowany czas czytania":"1 minuta"},"schema":{"@context":"https:\/\/schema.org","@graph":[{"@type":"WebPage","@id":"https:\/\/simm-system.pl\/?page_id=45","url":"https:\/\/simm-system.pl\/?page_id=45","name":"OPINIE KURSANT\u00d3W - simm-system","isPartOf":{"@id":"https:\/\/simm-system.pl\/#website"},"datePublished":"2023-01-28T15:43:49+00:00","dateModified":"2024-02-24T20:56:07+00:00","description":"Zasoby dla u\u017cytkownik\u00f3w i kursant\u00f3w simm-system","breadcrumb":{"@id":"https:\/\/simm-system.pl\/?page_id=45#breadcrumb"},"inLanguage":"pl-PL","potentialAction":[{"@type":"ReadAction","target":["https:\/\/simm-system.pl\/?page_id=45"]}]},{"@type":"BreadcrumbList","@id":"https:\/\/simm-system.pl\/?page_id=45#breadcrumb","itemListElement":[{"@type":"ListItem","position":1,"name":"Home","item":"https:\/\/simm-system.pl\/"},{"@type":"ListItem","position":2,"name":"OPINIE KURSANT\u00d3W"}]},{"@type":"WebSite","@id":"https:\/\/simm-system.pl\/#website","url":"https:\/\/simm-system.pl\/","name":"simm-system","description":"Szkolenia za zakresu pierwszej pomocy BLS AED","potentialAction":[{"@type":"SearchAction","target":{"@type":"EntryPoint","urlTemplate":"https:\/\/simm-system.pl\/?s={search_term_string}"},"query-input":"required name=search_term_string"}],"inLanguage":"pl-PL"}]}},"_links":{"self":[{"href":"https:\/\/simm-system.pl\/index.php?rest_route=\/wp\/v2\/pages\/45","targetHints":{"allow":["GET"]}}],"collection":[{"href":"https:\/\/simm-system.pl\/index.php?rest_route=\/wp\/v2\/pages"}],"about":[{"href":"https:\/\/simm-system.pl\/index.php?rest_route=\/wp\/v2\/types\/page"}],"author":[{"embeddable":true,"href":"https:\/\/simm-system.pl\/index.php?rest_route=\/wp\/v2\/users\/1"}],"replies":[{"embeddable":true,"href":"https:\/\/simm-system.pl\/index.php?rest_route=%2Fwp%2Fv2%2Fcomments&post=45"}],"version-history":[{"count":4,"href":"https:\/\/simm-system.pl\/index.php?rest_route=\/wp\/v2\/pages\/45\/revisions"}],"predecessor-version":[{"id":420,"href":"https:\/\/simm-system.pl\/index.php?rest_route=\/wp\/v2\/pages\/45\/revisions\/420"}],"wp:attachment":[{"href":"https:\/\/simm-system.pl\/index.php?rest_route=%2Fwp%2Fv2%2Fmedia&parent=45"}],"curies":[{"name":"wp","href":"https:\/\/api.w.org\/{rel}","templated":true}]}}