{"id":408,"date":"2024-02-24T21:10:18","date_gmt":"2024-02-24T20:10:18","guid":{"rendered":"https:\/\/simm-system.pl\/?page_id=408"},"modified":"2024-02-24T21:10:19","modified_gmt":"2024-02-24T20:10:19","slug":"opinie-kursantow","status":"publish","type":"page","link":"https:\/\/simm-system.pl\/?page_id=408","title":{"rendered":"OPINIE KURSANT\u00d3W"},"content":{"rendered":"\n<figure class=\"wp-block-pullquote\"><blockquote><p>&#8222;Ten, kto ratuje \u017cycie jednego cz\u0142owieka, ratuje ca\u0142y \u015bwiat&#8221; T. Keneally.<br>Wspania\u0142a kadra instruktorska, ogromna dawka rzetelnych informacji, \u0107wiczenia praktyczne na profesjonalnym sprz\u0119cie, a do tego rewelacyjna atmosfera na zaj\u0119ciach. Z ca\u0142ego serca polecam szkolenie Pierwszej Pomocy Przedmedycznej organizowany przez Simm-System.pl<\/p><cite>(simm-system.pl | facebook)<\/cite><\/blockquote><\/figure>\n\n\n\n<figure class=\"wp-block-pullquote\"><blockquote><p>Bardzo polecamy szkolenia Pana Szymona, rzetelna wiedza przekazana w zabawny, zrozumia\u0142y dla dzieci spos\u00f3b. Dzieci ch\u0119tnie bra\u0142y udzia\u0142 w praktycznych zaj\u0119ciach, co bardziej pozwoli\u0142o <br>im przyswoi\u0107 wiedz\u0119. Bardzo dzi\u0119kujemy i polecany.<br>Oddzia\u0142 przedszkolny w Piotrkowiczkach<\/p><cite>(simm-system.pl | facebook)<\/cite><\/blockquote><\/figure>\n\n\n\n<figure class=\"wp-block-pullquote\"><blockquote><p>Dziekuj\u0119 za profesjonalne szkolenie. Uwa\u017cam, \u017ce ka\u017cdy, bez wyj\u0105tku powinien uczestniczy\u0107 w takim wydarzeniu. Polecam! <img loading=\"lazy\" decoding=\"async\" height=\"16\" width=\"16\" src=\"https:\/\/static.xx.fbcdn.net\/images\/emoji.php\/v9\/ta5\/1.5\/16\/1f642.png\" alt=\"\ud83d\ude42\"><\/p><cite>(simm-system.pl | facebook)<\/cite><\/blockquote><\/figure>\n\n\n\n<figure class=\"wp-block-pullquote\"><blockquote><p>Bardzo profesjonalne, pe\u0142ne energi, humoru i przede wszystkim praktyki. Jest moc!<\/p><cite>(simm-system.pl | facebook)<\/cite><\/blockquote><\/figure>\n\n\n\n<figure class=\"wp-block-pullquote\"><blockquote><p>Szkolenie, w kt\u00f3rym bra\u0142am udzia\u0142 jest jak najbardziej godne polecenia. Profesjonalne podej\u015bcie do tematu, bardzo dobry kontakt prowadz\u0105cego z grup\u0105 podczas zaj\u0119\u0107, swobodna atmosfera. Nie by\u0142o pyta\u0144, kt\u00f3re pozosta\u0142yby bez odpowiedzi. Jak najbardziej polecam <img loading=\"lazy\" decoding=\"async\" height=\"16\" width=\"16\" src=\"https:\/\/static.xx.fbcdn.net\/images\/emoji.php\/v9\/ta5\/1.5\/16\/1f642.png\" alt=\"\ud83d\ude42\"><\/p><cite>(simm-system.pl | facebook)<\/cite><\/blockquote><\/figure>\n\n\n\n<figure class=\"wp-block-pullquote\"><blockquote><p>Profesjonalne podej\u015bcie do zagadnie\u0144 zwi\u0105zanych z ratownictwem medycznym. Podczas szkolenia przekazane zosta\u0142o wiele praktycznych porad, a to wszystko przy \u015bwietnym humorze i u\u015bmiechu. Polecam z czystym sumieniem <img loading=\"lazy\" decoding=\"async\" height=\"16\" width=\"16\" src=\"https:\/\/static.xx.fbcdn.net\/images\/emoji.php\/v9\/ta5\/1.5\/16\/1f642.png\" alt=\"\ud83d\ude42\"><\/p><cite>(simm-system.pl | facebook)<\/cite><\/blockquote><\/figure>\n\n\n\n<figure class=\"wp-block-pullquote\"><blockquote><p>Profesjonalizm i 100% zaanga\u017cowania. Cz\u0142owiek z wielkim sercem do pracy jak\u0105 wykonuje. Zaj\u0119cia w grupie dzieci przedszkolnych bardzo pouczaj\u0105ce i przeprowadzone w lu\u017any spos\u00f3b pozwalaj\u0105cy na przyswojenie og\u00f3lnej wiedzy dostosowanej do wieku uczestnik\u00f3w. Serdeczne podzi\u0119kowania <img loading=\"lazy\" decoding=\"async\" height=\"16\" width=\"16\" src=\"https:\/\/static.xx.fbcdn.net\/images\/emoji.php\/v9\/ta5\/1.5\/16\/1f642.png\" alt=\"\ud83d\ude42\"><\/p><cite>(simm-system.pl | facebook)<\/cite><\/blockquote><\/figure>\n\n\n\n<figure class=\"wp-block-pullquote\"><blockquote><p>Ostatnio mia\u0142am przyjemno\u015b\u0107 go\u015bci\u0107 u siebie Szymona, kt\u00f3ry poprowadzi\u0142 u nas szkolenie z pierwszej pomocy. Szymon to mega pozytywna osoba, zaj\u0119cia przebieg\u0142y w \u015bwietnej atmosferze, na luzie.<br>Wiedz\u0119 przekazuje po mistrzowsku 100% profesjonalizmu!!!<br>Polecam z calego serca!!!!<\/p><cite>(simm-system.pl | facebook)<\/cite><\/blockquote><\/figure>\n\n\n\n<figure class=\"wp-block-pullquote\"><blockquote><p>Super szkolenie polecam\u00a0<img loading=\"lazy\" decoding=\"async\" height=\"24\" width=\"24\" src=\"https:\/\/static.xx.fbcdn.net\/images\/emoji.php\/v9\/t4\/1.5\/24\/1f600.png\" alt=\"\ud83d\ude00\"><\/p><cite>(simm-system.pl | facebook)<\/cite><\/blockquote><\/figure>\n\n\n\n<figure class=\"wp-block-pullquote\"><blockquote><p>Merytoryka i sprawno\u015b\u0107 szkolenia z udzielania pierwszej pomocy.<\/p><cite>(simm-system.pl | facebook)<\/cite><\/blockquote><\/figure>\n","protected":false},"excerpt":{"rendered":"<p>&#8222;Ten, kto ratuje \u017cycie jednego cz\u0142owieka, ratuje ca\u0142y \u015bwiat&#8221; T. Keneally.Wspania\u0142a kadra instruktorska, ogromna dawka rzetelnych informacji, \u0107wiczenia praktyczne na profesjonalnym sprz\u0119cie, a do tego&hellip;<\/p>\n","protected":false},"author":1,"featured_media":0,"parent":0,"menu_order":0,"comment_status":"closed","ping_status":"closed","template":"","meta":{"footnotes":""},"class_list":["post-408","page","type-page","status-publish","hentry"],"yoast_head":"<!-- This site is optimized with the Yoast SEO plugin v20.0 - https:\/\/yoast.com\/wordpress\/plugins\/seo\/ -->\n<title>OPINIE KURSANT\u00d3W - simm-system<\/title>\n<meta name=\"robots\" content=\"index, follow, max-snippet:-1, max-image-preview:large, max-video-preview:-1\" \/>\n<link rel=\"canonical\" href=\"https:\/\/simm-system.pl\/?page_id=408\" \/>\n<meta property=\"og:locale\" content=\"pl_PL\" \/>\n<meta property=\"og:type\" content=\"article\" \/>\n<meta property=\"og:title\" content=\"OPINIE KURSANT\u00d3W - simm-system\" \/>\n<meta property=\"og:description\" content=\"&#8222;Ten, kto ratuje \u017cycie jednego cz\u0142owieka, ratuje ca\u0142y \u015bwiat&#8221; T. Keneally.Wspania\u0142a kadra instruktorska, ogromna dawka rzetelnych informacji, \u0107wiczenia praktyczne na profesjonalnym sprz\u0119cie, a do tego&hellip;\" \/>\n<meta property=\"og:url\" content=\"https:\/\/simm-system.pl\/?page_id=408\" \/>\n<meta property=\"og:site_name\" content=\"simm-system\" \/>\n<meta property=\"article:modified_time\" content=\"2024-02-24T20:10:19+00:00\" \/>\n<meta property=\"og:image\" content=\"https:\/\/static.xx.fbcdn.net\/images\/emoji.php\/v9\/ta5\/1.5\/16\/1f642.png\" \/>\n<meta name=\"twitter:card\" content=\"summary_large_image\" \/>\n<meta name=\"twitter:label1\" content=\"Szacowany czas czytania\" \/>\n\t<meta name=\"twitter:data1\" content=\"2 minuty\" \/>\n<script type=\"application\/ld+json\" class=\"yoast-schema-graph\">{\"@context\":\"https:\/\/schema.org\",\"@graph\":[{\"@type\":\"WebPage\",\"@id\":\"https:\/\/simm-system.pl\/?page_id=408\",\"url\":\"https:\/\/simm-system.pl\/?page_id=408\",\"name\":\"OPINIE KURSANT\u00d3W - simm-system\",\"isPartOf\":{\"@id\":\"https:\/\/simm-system.pl\/#website\"},\"datePublished\":\"2024-02-24T20:10:18+00:00\",\"dateModified\":\"2024-02-24T20:10:19+00:00\",\"breadcrumb\":{\"@id\":\"https:\/\/simm-system.pl\/?page_id=408#breadcrumb\"},\"inLanguage\":\"pl-PL\",\"potentialAction\":[{\"@type\":\"ReadAction\",\"target\":[\"https:\/\/simm-system.pl\/?page_id=408\"]}]},{\"@type\":\"BreadcrumbList\",\"@id\":\"https:\/\/simm-system.pl\/?page_id=408#breadcrumb\",\"itemListElement\":[{\"@type\":\"ListItem\",\"position\":1,\"name\":\"Home\",\"item\":\"https:\/\/simm-system.pl\/\"},{\"@type\":\"ListItem\",\"position\":2,\"name\":\"OPINIE KURSANT\u00d3W\"}]},{\"@type\":\"WebSite\",\"@id\":\"https:\/\/simm-system.pl\/#website\",\"url\":\"https:\/\/simm-system.pl\/\",\"name\":\"simm-system\",\"description\":\"Szkolenia za zakresu pierwszej pomocy BLS AED\",\"potentialAction\":[{\"@type\":\"SearchAction\",\"target\":{\"@type\":\"EntryPoint\",\"urlTemplate\":\"https:\/\/simm-system.pl\/?s={search_term_string}\"},\"query-input\":\"required name=search_term_string\"}],\"inLanguage\":\"pl-PL\"}]}<\/script>\n<!-- \/ Yoast SEO plugin. -->","yoast_head_json":{"title":"OPINIE KURSANT\u00d3W - simm-system","robots":{"index":"index","follow":"follow","max-snippet":"max-snippet:-1","max-image-preview":"max-image-preview:large","max-video-preview":"max-video-preview:-1"},"canonical":"https:\/\/simm-system.pl\/?page_id=408","og_locale":"pl_PL","og_type":"article","og_title":"OPINIE KURSANT\u00d3W - simm-system","og_description":"&#8222;Ten, kto ratuje \u017cycie jednego cz\u0142owieka, ratuje ca\u0142y \u015bwiat&#8221; T. Keneally.Wspania\u0142a kadra instruktorska, ogromna dawka rzetelnych informacji, \u0107wiczenia praktyczne na profesjonalnym sprz\u0119cie, a do tego&hellip;","og_url":"https:\/\/simm-system.pl\/?page_id=408","og_site_name":"simm-system","article_modified_time":"2024-02-24T20:10:19+00:00","og_image":[{"url":"https:\/\/static.xx.fbcdn.net\/images\/emoji.php\/v9\/ta5\/1.5\/16\/1f642.png"}],"twitter_card":"summary_large_image","twitter_misc":{"Szacowany czas czytania":"2 minuty"},"schema":{"@context":"https:\/\/schema.org","@graph":[{"@type":"WebPage","@id":"https:\/\/simm-system.pl\/?page_id=408","url":"https:\/\/simm-system.pl\/?page_id=408","name":"OPINIE KURSANT\u00d3W - simm-system","isPartOf":{"@id":"https:\/\/simm-system.pl\/#website"},"datePublished":"2024-02-24T20:10:18+00:00","dateModified":"2024-02-24T20:10:19+00:00","breadcrumb":{"@id":"https:\/\/simm-system.pl\/?page_id=408#breadcrumb"},"inLanguage":"pl-PL","potentialAction":[{"@type":"ReadAction","target":["https:\/\/simm-system.pl\/?page_id=408"]}]},{"@type":"BreadcrumbList","@id":"https:\/\/simm-system.pl\/?page_id=408#breadcrumb","itemListElement":[{"@type":"ListItem","position":1,"name":"Home","item":"https:\/\/simm-system.pl\/"},{"@type":"ListItem","position":2,"name":"OPINIE KURSANT\u00d3W"}]},{"@type":"WebSite","@id":"https:\/\/simm-system.pl\/#website","url":"https:\/\/simm-system.pl\/","name":"simm-system","description":"Szkolenia za zakresu pierwszej pomocy BLS AED","potentialAction":[{"@type":"SearchAction","target":{"@type":"EntryPoint","urlTemplate":"https:\/\/simm-system.pl\/?s={search_term_string}"},"query-input":"required name=search_term_string"}],"inLanguage":"pl-PL"}]}},"_links":{"self":[{"href":"https:\/\/simm-system.pl\/index.php?rest_route=\/wp\/v2\/pages\/408","targetHints":{"allow":["GET"]}}],"collection":[{"href":"https:\/\/simm-system.pl\/index.php?rest_route=\/wp\/v2\/pages"}],"about":[{"href":"https:\/\/simm-system.pl\/index.php?rest_route=\/wp\/v2\/types\/page"}],"author":[{"embeddable":true,"href":"https:\/\/simm-system.pl\/index.php?rest_route=\/wp\/v2\/users\/1"}],"replies":[{"embeddable":true,"href":"https:\/\/simm-system.pl\/index.php?rest_route=%2Fwp%2Fv2%2Fcomments&post=408"}],"version-history":[{"count":1,"href":"https:\/\/simm-system.pl\/index.php?rest_route=\/wp\/v2\/pages\/408\/revisions"}],"predecessor-version":[{"id":409,"href":"https:\/\/simm-system.pl\/index.php?rest_route=\/wp\/v2\/pages\/408\/revisions\/409"}],"wp:attachment":[{"href":"https:\/\/simm-system.pl\/index.php?rest_route=%2Fwp%2Fv2%2Fmedia&parent=408"}],"curies":[{"name":"wp","href":"https:\/\/api.w.org\/{rel}","templated":true}]}}