{"id":22,"date":"2023-01-28T16:19:49","date_gmt":"2023-01-28T15:19:49","guid":{"rendered":"https:\/\/server776220.nazwa.pl\/wordpress\/wpn_simm-system2\/?page_id=22"},"modified":"2026-03-04T21:53:55","modified_gmt":"2026-03-04T20:53:55","slug":"o-nas","status":"publish","type":"page","link":"https:\/\/simm-system.pl\/","title":{"rendered":"O NAS"},"content":{"rendered":"\n<p class=\"has-medium-font-size\"><\/p>\n\n\n\n<p class=\"has-text-align-left\">Witamy, <br>w\u0142a\u015bnie trafi\u0142e\u015b do \u015bwiata pierwszej pomocy. <br>Od lat z pasj\u0105 prowadzimy szkolenia za zakresu bezpiecze\u0144stwa oraz pierwszej pomocy <br>dla os\u00f3b prywatnych, firm oraz instytucji (w tym szk\u00f3\u0142 i przedszkoli). <br><br>Na rynku jako &#8222;SIMM-SYSTEM&#8221; zrealizowali\u015bmy wiele projekt\u00f3w. Nie ma dla nas znaczenia, <br>czy chcesz przeprowadzi\u0107 szkolenie dla ca\u0142ej firmy, czy tylko dla siebie i swoich bliskich, <br>ka\u017cde szkolenie jest dla nas wa\u017cne, dlatego zawsze przekazujemy wiedz\u0119 rzetelnie i w pe\u0142ni merytorycznie. Dbamy aby podczas szkole\u0144 panowa\u0142a atmosfera odpowiednio dostosowana do grupy docelowej. Prowadzimy r\u00f3wnie\u017c zabezpieczenia imprez masowych oraz zawod\u00f3w sportowych. Je\u015bli potrzebujesz szkolenia on-line lub poprowadzenia webinaru r\u00f3wnie\u017c s\u0142u\u017cymy pomoc\u0105. <br><br>To co robimy sprawia nam ogromn\u0105 rado\u015b\u0107 i cieszymy si\u0119 z ka\u017cdej mo\u017cliwo\u015bci dzielenia si\u0119 z innymi nasz\u0105 wiedz\u0105, umiej\u0119tno\u015bciami i do\u015bwiadczeniem, kt\u00f3re dodatkowo ca\u0142y czas dla Was wzbogacamy uczestnicz\u0105c w szkoleniach, spotkaniach i wydarzeniach zwi\u0105zanych z bezpiecze\u0144stwem i pierwsz\u0105 pomoc\u0105.<\/p>\n\n\n\n<p class=\"has-text-align-left\"> W razie jakichkolwiek pyta\u0144 zapraszamy do <a href=\"http:\/\/simm-system.pl\/?page_id=20\">kontaktu<\/a>.<\/p>\n\n\n\n<hr class=\"wp-block-separator has-alpha-channel-opacity\"\/>\n\n\n\n<figure class=\"wp-block-gallery has-nested-images columns-default is-cropped wp-block-gallery-1 is-layout-flex wp-block-gallery-is-layout-flex\">\n<figure class=\"wp-block-image size-large\"><img loading=\"lazy\" decoding=\"async\" width=\"1024\" height=\"684\" data-id=\"526\" src=\"https:\/\/simm-system.pl\/wp-content\/uploads\/2024\/02\/dsc_7388-1024x684.jpg\" alt=\"\" class=\"wp-image-526\" srcset=\"https:\/\/simm-system.pl\/wp-content\/uploads\/2024\/02\/dsc_7388-1024x684.jpg 1024w, https:\/\/simm-system.pl\/wp-content\/uploads\/2024\/02\/dsc_7388-300x200.jpg 300w, https:\/\/simm-system.pl\/wp-content\/uploads\/2024\/02\/dsc_7388-768x513.jpg 768w, https:\/\/simm-system.pl\/wp-content\/uploads\/2024\/02\/dsc_7388-1536x1025.jpg 1536w, https:\/\/simm-system.pl\/wp-content\/uploads\/2024\/02\/dsc_7388-2048x1367.jpg 2048w, https:\/\/simm-system.pl\/wp-content\/uploads\/2024\/02\/dsc_7388-600x401.jpg 600w\" sizes=\"auto, (max-width: 1024px) 100vw, 1024px\" \/><\/figure>\n\n\n\n<figure class=\"wp-block-image size-large\"><img loading=\"lazy\" decoding=\"async\" width=\"1024\" height=\"684\" data-id=\"527\" src=\"https:\/\/simm-system.pl\/wp-content\/uploads\/2024\/02\/dsc_7420-1024x684.jpg\" alt=\"\" class=\"wp-image-527\" srcset=\"https:\/\/simm-system.pl\/wp-content\/uploads\/2024\/02\/dsc_7420-1024x684.jpg 1024w, https:\/\/simm-system.pl\/wp-content\/uploads\/2024\/02\/dsc_7420-300x200.jpg 300w, https:\/\/simm-system.pl\/wp-content\/uploads\/2024\/02\/dsc_7420-768x513.jpg 768w, https:\/\/simm-system.pl\/wp-content\/uploads\/2024\/02\/dsc_7420-1536x1025.jpg 1536w, https:\/\/simm-system.pl\/wp-content\/uploads\/2024\/02\/dsc_7420-2048x1367.jpg 2048w, https:\/\/simm-system.pl\/wp-content\/uploads\/2024\/02\/dsc_7420-600x401.jpg 600w\" sizes=\"auto, (max-width: 1024px) 100vw, 1024px\" \/><\/figure>\n<\/figure>\n\n\n\n<hr class=\"wp-block-separator has-alpha-channel-opacity\"\/>\n\n\n\n<p class=\"has-cyan-bluish-gray-background-color has-background\"><strong><a href=\"https:\/\/simm-system.pl\/?page_id=529\">Nasz zesp\u00f3\u0142.<\/a><\/strong><\/p>\n\n\n\n<p class=\"has-cyan-bluish-gray-background-color has-background\"><strong><a href=\"http:\/\/simm-system.pl\/?page_id=152\">Na jakim sprz\u0119cie pracujemy<\/a><\/strong>.<\/p>\n\n\n\n<p class=\"has-cyan-bluish-gray-background-color has-background\"><strong><a href=\"http:\/\/simm-system.pl\/?page_id=148\">Z kim wsp\u00f3\u0142pracujemy<\/a><\/strong>.<\/p>\n\n\n\n<p class=\"has-cyan-bluish-gray-background-color has-background\"><strong><a href=\"https:\/\/simm-system.pl\/?page_id=408\">Opinie kursant\u00f3w.<\/a><\/strong><\/p>\n\n\n\n<p class=\"has-cyan-bluish-gray-background-color has-background\"><strong><a href=\"https:\/\/simm-system.pl\/?page_id=571\">Nasza oferta.<\/a><\/strong><\/p>\n\n\n\n<p class=\"has-cyan-bluish-gray-background-color has-background\"><strong><a href=\"http:\/\/simm-system.pl\/?page_id=20\">Zapraszamy do kontaktu.<\/a><\/strong><\/p>\n","protected":false},"excerpt":{"rendered":"<p>Witamy, w\u0142a\u015bnie trafi\u0142e\u015b do \u015bwiata pierwszej pomocy. Od lat z pasj\u0105 prowadzimy szkolenia za zakresu bezpiecze\u0144stwa oraz pierwszej pomocy dla os\u00f3b prywatnych, firm oraz instytucji&hellip;<\/p>\n","protected":false},"author":1,"featured_media":0,"parent":0,"menu_order":0,"comment_status":"closed","ping_status":"closed","template":"","meta":{"footnotes":""},"class_list":["post-22","page","type-page","status-publish","hentry"],"yoast_head":"<!-- This site is optimized with the Yoast SEO plugin v20.0 - https:\/\/yoast.com\/wordpress\/plugins\/seo\/ -->\n<title>O NAS - simm-system<\/title>\n<meta name=\"description\" content=\"Informacje na temat simm-system.pl\" \/>\n<meta name=\"robots\" content=\"index, follow, max-snippet:-1, max-image-preview:large, max-video-preview:-1\" \/>\n<link rel=\"canonical\" href=\"https:\/\/simm-system.pl\/\" \/>\n<meta property=\"og:locale\" content=\"pl_PL\" \/>\n<meta property=\"og:type\" content=\"article\" \/>\n<meta property=\"og:title\" content=\"O NAS - simm-system\" \/>\n<meta property=\"og:description\" content=\"Informacje na temat simm-system.pl\" \/>\n<meta property=\"og:url\" content=\"https:\/\/simm-system.pl\/\" \/>\n<meta property=\"og:site_name\" content=\"simm-system\" \/>\n<meta property=\"article:modified_time\" content=\"2026-03-04T20:53:55+00:00\" \/>\n<meta property=\"og:image\" content=\"https:\/\/simm-system.pl\/wp-content\/uploads\/2024\/02\/dsc_7388-1024x684.jpg\" \/>\n<meta name=\"twitter:card\" content=\"summary_large_image\" \/>\n<meta name=\"twitter:label1\" content=\"Szacowany czas czytania\" \/>\n\t<meta name=\"twitter:data1\" content=\"2 minuty\" \/>\n<script type=\"application\/ld+json\" class=\"yoast-schema-graph\">{\"@context\":\"https:\/\/schema.org\",\"@graph\":[{\"@type\":\"WebPage\",\"@id\":\"https:\/\/simm-system.pl\/\",\"url\":\"https:\/\/simm-system.pl\/\",\"name\":\"O NAS - simm-system\",\"isPartOf\":{\"@id\":\"https:\/\/simm-system.pl\/#website\"},\"datePublished\":\"2023-01-28T15:19:49+00:00\",\"dateModified\":\"2026-03-04T20:53:55+00:00\",\"description\":\"Informacje na temat simm-system.pl\",\"breadcrumb\":{\"@id\":\"https:\/\/simm-system.pl\/#breadcrumb\"},\"inLanguage\":\"pl-PL\",\"potentialAction\":[{\"@type\":\"ReadAction\",\"target\":[\"https:\/\/simm-system.pl\/\"]}]},{\"@type\":\"BreadcrumbList\",\"@id\":\"https:\/\/simm-system.pl\/#breadcrumb\",\"itemListElement\":[{\"@type\":\"ListItem\",\"position\":1,\"name\":\"Home\",\"item\":\"https:\/\/simm-system.pl\/\"},{\"@type\":\"ListItem\",\"position\":2,\"name\":\"O NAS\"}]},{\"@type\":\"WebSite\",\"@id\":\"https:\/\/simm-system.pl\/#website\",\"url\":\"https:\/\/simm-system.pl\/\",\"name\":\"simm-system\",\"description\":\"Szkolenia za zakresu pierwszej pomocy BLS AED\",\"potentialAction\":[{\"@type\":\"SearchAction\",\"target\":{\"@type\":\"EntryPoint\",\"urlTemplate\":\"https:\/\/simm-system.pl\/?s={search_term_string}\"},\"query-input\":\"required name=search_term_string\"}],\"inLanguage\":\"pl-PL\"}]}<\/script>\n<!-- \/ Yoast SEO plugin. -->","yoast_head_json":{"title":"O NAS - simm-system","description":"Informacje na temat simm-system.pl","robots":{"index":"index","follow":"follow","max-snippet":"max-snippet:-1","max-image-preview":"max-image-preview:large","max-video-preview":"max-video-preview:-1"},"canonical":"https:\/\/simm-system.pl\/","og_locale":"pl_PL","og_type":"article","og_title":"O NAS - simm-system","og_description":"Informacje na temat simm-system.pl","og_url":"https:\/\/simm-system.pl\/","og_site_name":"simm-system","article_modified_time":"2026-03-04T20:53:55+00:00","og_image":[{"url":"https:\/\/simm-system.pl\/wp-content\/uploads\/2024\/02\/dsc_7388-1024x684.jpg"}],"twitter_card":"summary_large_image","twitter_misc":{"Szacowany czas czytania":"2 minuty"},"schema":{"@context":"https:\/\/schema.org","@graph":[{"@type":"WebPage","@id":"https:\/\/simm-system.pl\/","url":"https:\/\/simm-system.pl\/","name":"O NAS - simm-system","isPartOf":{"@id":"https:\/\/simm-system.pl\/#website"},"datePublished":"2023-01-28T15:19:49+00:00","dateModified":"2026-03-04T20:53:55+00:00","description":"Informacje na temat simm-system.pl","breadcrumb":{"@id":"https:\/\/simm-system.pl\/#breadcrumb"},"inLanguage":"pl-PL","potentialAction":[{"@type":"ReadAction","target":["https:\/\/simm-system.pl\/"]}]},{"@type":"BreadcrumbList","@id":"https:\/\/simm-system.pl\/#breadcrumb","itemListElement":[{"@type":"ListItem","position":1,"name":"Home","item":"https:\/\/simm-system.pl\/"},{"@type":"ListItem","position":2,"name":"O NAS"}]},{"@type":"WebSite","@id":"https:\/\/simm-system.pl\/#website","url":"https:\/\/simm-system.pl\/","name":"simm-system","description":"Szkolenia za zakresu pierwszej pomocy BLS AED","potentialAction":[{"@type":"SearchAction","target":{"@type":"EntryPoint","urlTemplate":"https:\/\/simm-system.pl\/?s={search_term_string}"},"query-input":"required name=search_term_string"}],"inLanguage":"pl-PL"}]}},"_links":{"self":[{"href":"https:\/\/simm-system.pl\/index.php?rest_route=\/wp\/v2\/pages\/22","targetHints":{"allow":["GET"]}}],"collection":[{"href":"https:\/\/simm-system.pl\/index.php?rest_route=\/wp\/v2\/pages"}],"about":[{"href":"https:\/\/simm-system.pl\/index.php?rest_route=\/wp\/v2\/types\/page"}],"author":[{"embeddable":true,"href":"https:\/\/simm-system.pl\/index.php?rest_route=\/wp\/v2\/users\/1"}],"replies":[{"embeddable":true,"href":"https:\/\/simm-system.pl\/index.php?rest_route=%2Fwp%2Fv2%2Fcomments&post=22"}],"version-history":[{"count":5,"href":"https:\/\/simm-system.pl\/index.php?rest_route=\/wp\/v2\/pages\/22\/revisions"}],"predecessor-version":[{"id":624,"href":"https:\/\/simm-system.pl\/index.php?rest_route=\/wp\/v2\/pages\/22\/revisions\/624"}],"wp:attachment":[{"href":"https:\/\/simm-system.pl\/index.php?rest_route=%2Fwp%2Fv2%2Fmedia&parent=22"}],"curies":[{"name":"wp","href":"https:\/\/api.w.org\/{rel}","templated":true}]}}