{"id":20,"date":"2023-01-28T16:19:49","date_gmt":"2023-01-28T15:19:49","guid":{"rendered":"https:\/\/server776220.nazwa.pl\/wordpress\/wpn_simm-system2\/?page_id=20"},"modified":"2026-03-04T22:14:07","modified_gmt":"2026-03-04T21:14:07","slug":"kontakt","status":"publish","type":"page","link":"https:\/\/simm-system.pl\/?page_id=20","title":{"rendered":"KONTAKT"},"content":{"rendered":"\n<p style=\"font-size:17px\"><br><strong>SIMM-System &#8211; Szkolenia z pierwszej pomocy<\/strong><br><strong>Aleksandra Maciejewska &#8211; Szymon Kaca\u0142a<\/strong><em><br><\/em><br><strong>NIP 9151735566<br>REGON 544007653<\/strong><br>SIEDZIBA FIRMY: Fio\u0142kowa 23, 55-114 Ligota Pi\u0119kna, woj. dolno\u015bl\u0105skie<br>mail: <a href=\"mailto:maciejewska.simm@gmail.com\">maciejewska.simm@gmail.com<\/a><br><\/p>\n\n\n\n<p><strong><a href=\"http:\/\/simm-system.pl\/?page_id=169\">Szymon Kaca\u0142a<\/a><\/strong><br><strong>tel.: 571 609 409<\/strong><br><strong>mail: simm.system@gmail.com<\/strong><\/p>\n\n\n\n<p><strong><a href=\"http:\/\/simm-system.pl\/?page_id=184\">Aleksandra Maciejewska<\/a><\/strong><br><strong>tel. : 664 084 715<\/strong><br><strong>mail: promocja@simm-system.pl<\/strong><\/p>\n\n\n\n<p><\/p>\n\n\n\n<hr class=\"wp-block-separator has-alpha-channel-opacity\"\/>\n\n\n\n<ul class=\"wp-block-social-links is-layout-flex wp-block-social-links-is-layout-flex\"><\/ul>\n\n\n\n<div class=\"wp-block-contact-form-7-contact-form-selector\">\n<div class=\"wpcf7 no-js\" id=\"wpcf7-f4-o1\" lang=\"pl-PL\" dir=\"ltr\">\n<div class=\"screen-reader-response\"><p role=\"status\" aria-live=\"polite\" aria-atomic=\"true\"><\/p> <ul><\/ul><\/div>\n<form action=\"\/index.php?rest_route=%2Fwp%2Fv2%2Fpages%2F20#wpcf7-f4-o1\" method=\"post\" class=\"wpcf7-form init\" aria-label=\"Formularz kontaktowy\" novalidate=\"novalidate\" data-status=\"init\">\n<div style=\"display: none;\">\n<input type=\"hidden\" name=\"_wpcf7\" value=\"4\" \/>\n<input type=\"hidden\" name=\"_wpcf7_version\" value=\"5.7.3\" \/>\n<input type=\"hidden\" name=\"_wpcf7_locale\" value=\"pl_PL\" \/>\n<input type=\"hidden\" name=\"_wpcf7_unit_tag\" value=\"wpcf7-f4-o1\" \/>\n<input type=\"hidden\" name=\"_wpcf7_container_post\" value=\"0\" \/>\n<input type=\"hidden\" name=\"_wpcf7_posted_data_hash\" value=\"\" \/>\n<\/div>\n<p><label> Imi\u0119:<br \/>\n<span class=\"wpcf7-form-control-wrap\" data-name=\"your-name\"><input size=\"40\" class=\"wpcf7-form-control wpcf7-text wpcf7-validates-as-required\" aria-required=\"true\" aria-invalid=\"false\" value=\"\" type=\"text\" name=\"your-name\" \/><\/span> <\/label>\n<\/p>\n<p><label> E-mail:<br \/>\n<span class=\"wpcf7-form-control-wrap\" data-name=\"your-email\"><input size=\"40\" class=\"wpcf7-form-control wpcf7-text wpcf7-email wpcf7-validates-as-required wpcf7-validates-as-email\" aria-required=\"true\" aria-invalid=\"false\" value=\"\" type=\"email\" name=\"your-email\" \/><\/span> <\/label>\n<\/p>\n<p><label> Temat:<br \/>\n<span class=\"wpcf7-form-control-wrap\" data-name=\"your-subject\"><input size=\"40\" class=\"wpcf7-form-control wpcf7-text wpcf7-validates-as-required\" aria-required=\"true\" aria-invalid=\"false\" value=\"\" type=\"text\" name=\"your-subject\" \/><\/span> <\/label>\n<\/p>\n<p><label> Tre\u015b\u0107:<br \/>\n<span class=\"wpcf7-form-control-wrap\" data-name=\"your-message\"><textarea cols=\"40\" rows=\"10\" class=\"wpcf7-form-control wpcf7-textarea\" aria-invalid=\"false\" name=\"your-message\"><\/textarea><\/span> <\/label>\n<\/p>\n<p><input class=\"wpcf7-form-control has-spinner wpcf7-submit\" type=\"submit\" value=\"Wy\u015blij\" \/>\n<\/p><p style=\"display: none !important;\"><label>&#916;<textarea name=\"_wpcf7_ak_hp_textarea\" cols=\"45\" rows=\"8\" maxlength=\"100\"><\/textarea><\/label><input type=\"hidden\" id=\"ak_js_1\" name=\"_wpcf7_ak_js\" value=\"206\"\/><script>document.getElementById( \"ak_js_1\" ).setAttribute( \"value\", ( new Date() ).getTime() );<\/script><\/p><div class=\"wpcf7-response-output\" aria-hidden=\"true\"><\/div>\n<\/form>\n<\/div>\n<\/div>\n","protected":false},"excerpt":{"rendered":"<p>SIMM-System &#8211; Szkolenia z pierwszej pomocyAleksandra Maciejewska &#8211; Szymon Kaca\u0142aNIP 9151735566REGON 544007653SIEDZIBA FIRMY: Fio\u0142kowa 23, 55-114 Ligota Pi\u0119kna, woj. dolno\u015bl\u0105skiemail: maciejewska.simm@gmail.com Szymon Kaca\u0142atel.: 571 609&hellip;<\/p>\n","protected":false},"author":1,"featured_media":0,"parent":0,"menu_order":0,"comment_status":"closed","ping_status":"closed","template":"","meta":{"footnotes":""},"class_list":["post-20","page","type-page","status-publish","hentry"],"yoast_head":"<!-- This site is optimized with the Yoast SEO plugin v20.0 - https:\/\/yoast.com\/wordpress\/plugins\/seo\/ -->\n<title>KONTAKT - simm-system<\/title>\n<meta name=\"description\" content=\"kontakt z projektem simm-system.\" \/>\n<meta name=\"robots\" content=\"index, follow, max-snippet:-1, max-image-preview:large, max-video-preview:-1\" \/>\n<link rel=\"canonical\" href=\"https:\/\/simm-system.pl\/?page_id=20\" \/>\n<meta property=\"og:locale\" content=\"pl_PL\" \/>\n<meta property=\"og:type\" content=\"article\" \/>\n<meta property=\"og:title\" content=\"KONTAKT - simm-system\" \/>\n<meta property=\"og:description\" content=\"kontakt z projektem simm-system.\" \/>\n<meta property=\"og:url\" content=\"https:\/\/simm-system.pl\/?page_id=20\" \/>\n<meta property=\"og:site_name\" content=\"simm-system\" \/>\n<meta property=\"article:modified_time\" content=\"2026-03-04T21:14:07+00:00\" \/>\n<meta name=\"twitter:card\" content=\"summary_large_image\" \/>\n<meta name=\"twitter:label1\" content=\"Szacowany czas czytania\" \/>\n\t<meta name=\"twitter:data1\" content=\"1 minuta\" \/>\n<script type=\"application\/ld+json\" class=\"yoast-schema-graph\">{\"@context\":\"https:\/\/schema.org\",\"@graph\":[{\"@type\":\"WebPage\",\"@id\":\"https:\/\/simm-system.pl\/?page_id=20\",\"url\":\"https:\/\/simm-system.pl\/?page_id=20\",\"name\":\"KONTAKT - simm-system\",\"isPartOf\":{\"@id\":\"https:\/\/simm-system.pl\/#website\"},\"datePublished\":\"2023-01-28T15:19:49+00:00\",\"dateModified\":\"2026-03-04T21:14:07+00:00\",\"description\":\"kontakt z projektem simm-system.\",\"breadcrumb\":{\"@id\":\"https:\/\/simm-system.pl\/?page_id=20#breadcrumb\"},\"inLanguage\":\"pl-PL\",\"potentialAction\":[{\"@type\":\"ReadAction\",\"target\":[\"https:\/\/simm-system.pl\/?page_id=20\"]}]},{\"@type\":\"BreadcrumbList\",\"@id\":\"https:\/\/simm-system.pl\/?page_id=20#breadcrumb\",\"itemListElement\":[{\"@type\":\"ListItem\",\"position\":1,\"name\":\"Home\",\"item\":\"https:\/\/simm-system.pl\/\"},{\"@type\":\"ListItem\",\"position\":2,\"name\":\"KONTAKT\"}]},{\"@type\":\"WebSite\",\"@id\":\"https:\/\/simm-system.pl\/#website\",\"url\":\"https:\/\/simm-system.pl\/\",\"name\":\"simm-system\",\"description\":\"Szkolenia za zakresu pierwszej pomocy BLS AED\",\"potentialAction\":[{\"@type\":\"SearchAction\",\"target\":{\"@type\":\"EntryPoint\",\"urlTemplate\":\"https:\/\/simm-system.pl\/?s={search_term_string}\"},\"query-input\":\"required name=search_term_string\"}],\"inLanguage\":\"pl-PL\"}]}<\/script>\n<!-- \/ Yoast SEO plugin. -->","yoast_head_json":{"title":"KONTAKT - simm-system","description":"kontakt z projektem simm-system.","robots":{"index":"index","follow":"follow","max-snippet":"max-snippet:-1","max-image-preview":"max-image-preview:large","max-video-preview":"max-video-preview:-1"},"canonical":"https:\/\/simm-system.pl\/?page_id=20","og_locale":"pl_PL","og_type":"article","og_title":"KONTAKT - simm-system","og_description":"kontakt z projektem simm-system.","og_url":"https:\/\/simm-system.pl\/?page_id=20","og_site_name":"simm-system","article_modified_time":"2026-03-04T21:14:07+00:00","twitter_card":"summary_large_image","twitter_misc":{"Szacowany czas czytania":"1 minuta"},"schema":{"@context":"https:\/\/schema.org","@graph":[{"@type":"WebPage","@id":"https:\/\/simm-system.pl\/?page_id=20","url":"https:\/\/simm-system.pl\/?page_id=20","name":"KONTAKT - simm-system","isPartOf":{"@id":"https:\/\/simm-system.pl\/#website"},"datePublished":"2023-01-28T15:19:49+00:00","dateModified":"2026-03-04T21:14:07+00:00","description":"kontakt z projektem simm-system.","breadcrumb":{"@id":"https:\/\/simm-system.pl\/?page_id=20#breadcrumb"},"inLanguage":"pl-PL","potentialAction":[{"@type":"ReadAction","target":["https:\/\/simm-system.pl\/?page_id=20"]}]},{"@type":"BreadcrumbList","@id":"https:\/\/simm-system.pl\/?page_id=20#breadcrumb","itemListElement":[{"@type":"ListItem","position":1,"name":"Home","item":"https:\/\/simm-system.pl\/"},{"@type":"ListItem","position":2,"name":"KONTAKT"}]},{"@type":"WebSite","@id":"https:\/\/simm-system.pl\/#website","url":"https:\/\/simm-system.pl\/","name":"simm-system","description":"Szkolenia za zakresu pierwszej pomocy BLS AED","potentialAction":[{"@type":"SearchAction","target":{"@type":"EntryPoint","urlTemplate":"https:\/\/simm-system.pl\/?s={search_term_string}"},"query-input":"required name=search_term_string"}],"inLanguage":"pl-PL"}]}},"_links":{"self":[{"href":"https:\/\/simm-system.pl\/index.php?rest_route=\/wp\/v2\/pages\/20","targetHints":{"allow":["GET"]}}],"collection":[{"href":"https:\/\/simm-system.pl\/index.php?rest_route=\/wp\/v2\/pages"}],"about":[{"href":"https:\/\/simm-system.pl\/index.php?rest_route=\/wp\/v2\/types\/page"}],"author":[{"embeddable":true,"href":"https:\/\/simm-system.pl\/index.php?rest_route=\/wp\/v2\/users\/1"}],"replies":[{"embeddable":true,"href":"https:\/\/simm-system.pl\/index.php?rest_route=%2Fwp%2Fv2%2Fcomments&post=20"}],"version-history":[{"count":5,"href":"https:\/\/simm-system.pl\/index.php?rest_route=\/wp\/v2\/pages\/20\/revisions"}],"predecessor-version":[{"id":632,"href":"https:\/\/simm-system.pl\/index.php?rest_route=\/wp\/v2\/pages\/20\/revisions\/632"}],"wp:attachment":[{"href":"https:\/\/simm-system.pl\/index.php?rest_route=%2Fwp%2Fv2%2Fmedia&parent=20"}],"curies":[{"name":"wp","href":"https:\/\/api.w.org\/{rel}","templated":true}]}}