{"id":148,"date":"2023-12-26T12:25:10","date_gmt":"2023-12-26T11:25:10","guid":{"rendered":"http:\/\/simm-system.pl\/?page_id=148"},"modified":"2024-02-25T22:29:23","modified_gmt":"2024-02-25T21:29:23","slug":"wspolpraca","status":"publish","type":"page","link":"https:\/\/simm-system.pl\/?page_id=148","title":{"rendered":"WSP\u00d3\u0141PRACA"},"content":{"rendered":"\n<p class=\"has-white-color has-vivid-cyan-blue-background-color has-text-color has-background has-link-color has-medium-font-size wp-elements-ce44841f309bc5b4dce0986e8fff63e9\"><strong>NASZA DOTYCHCZASOWA WSP\u00d3\u0141PRACA<\/strong><\/p>\n\n\n\n<p class=\"has-black-color has-cyan-bluish-gray-background-color has-text-color has-background has-link-color wp-elements-e8c4d9ee493a10f9ee6e0f09496a63b5\"><a href=\"http:\/\/simm-system.pl\/?page_id=215\"><strong>KOLEJKOWO WROC\u0141AW \/ GLIWICE<\/strong> <\/a><img loading=\"lazy\" decoding=\"async\" width=\"160\" height=\"83\" class=\"wp-image-232\" style=\"width: 160px;\" src=\"http:\/\/simm-system.pl\/wp-content\/uploads\/2023\/12\/logo-kolejkowo.png\" alt=\"\" srcset=\"https:\/\/simm-system.pl\/wp-content\/uploads\/2023\/12\/logo-kolejkowo.png 1476w, https:\/\/simm-system.pl\/wp-content\/uploads\/2023\/12\/logo-kolejkowo-300x156.png 300w, https:\/\/simm-system.pl\/wp-content\/uploads\/2023\/12\/logo-kolejkowo-1024x533.png 1024w, https:\/\/simm-system.pl\/wp-content\/uploads\/2023\/12\/logo-kolejkowo-768x400.png 768w, https:\/\/simm-system.pl\/wp-content\/uploads\/2023\/12\/logo-kolejkowo-600x312.png 600w\" sizes=\"auto, (max-width: 160px) 100vw, 160px\" \/><\/p>\n\n\n\n<p class=\"has-black-color has-cyan-bluish-gray-background-color has-text-color has-background has-link-color wp-elements-f2bf093af655c2492d0d78990876295c\"><strong><a href=\"http:\/\/simm-system.pl\/?page_id=246\">WOJEW\u00d3DZKI SZPITAL SPECJALISTYCZNY WE WROC\u0141AWIU<\/a><\/strong>   <img loading=\"lazy\" decoding=\"async\" width=\"60\" height=\"57\" class=\"wp-image-229\" style=\"width: 60px;\" src=\"http:\/\/simm-system.pl\/wp-content\/uploads\/2023\/12\/pobrane.png\" alt=\"\"><\/p>\n\n\n\n<p class=\"has-text-align-left has-black-color has-cyan-bluish-gray-background-color has-text-color has-background has-link-color wp-elements-b36fd8e27a60c23599316ed7b7e926ed\"><strong><a href=\"https:\/\/simm-system.pl\/?page_id=384\">SZPITAL REHABILITACYJNY PJ-MED W POPIEL\u00d3WKU<\/a><\/strong><img loading=\"lazy\" decoding=\"async\" width=\"126\" height=\"41\" class=\"wp-image-380\" style=\"width: 126px;\" src=\"http:\/\/simm-system.pl\/wp-content\/uploads\/2024\/02\/stopka-e-mail-logo.png\" alt=\"\"><\/p>\n\n\n\n<p class=\"has-black-color has-cyan-bluish-gray-background-color has-text-color has-background has-link-color wp-elements-22990068e35447f17e2ad327c4716396\"><strong><a href=\"https:\/\/simm-system.pl\/?page_id=504\">MPK WROC\u0141AW<\/a>   <\/strong><img loading=\"lazy\" decoding=\"async\" width=\"150\" height=\"30\" class=\"wp-image-349\" style=\"width: 150px;\" src=\"http:\/\/simm-system.pl\/wp-content\/uploads\/2023\/12\/mpk-logo-1.png\" alt=\"\" srcset=\"https:\/\/simm-system.pl\/wp-content\/uploads\/2023\/12\/mpk-logo-1.png 2441w, https:\/\/simm-system.pl\/wp-content\/uploads\/2023\/12\/mpk-logo-1-300x60.png 300w, https:\/\/simm-system.pl\/wp-content\/uploads\/2023\/12\/mpk-logo-1-1024x205.png 1024w, https:\/\/simm-system.pl\/wp-content\/uploads\/2023\/12\/mpk-logo-1-768x154.png 768w, https:\/\/simm-system.pl\/wp-content\/uploads\/2023\/12\/mpk-logo-1-1536x307.png 1536w, https:\/\/simm-system.pl\/wp-content\/uploads\/2023\/12\/mpk-logo-1-2048x409.png 2048w, https:\/\/simm-system.pl\/wp-content\/uploads\/2023\/12\/mpk-logo-1-600x120.png 600w\" sizes=\"auto, (max-width: 150px) 100vw, 150px\" \/><\/p>\n\n\n\n<p class=\"has-black-color has-cyan-bluish-gray-background-color has-text-color has-background has-link-color wp-elements-847e326f08146dc1127ceec20b251871\"><strong><a href=\"https:\/\/simm-system.pl\/?page_id=478\">URZ\u0104D GMINY WISZNIA MA\u0141A<\/a><\/strong>   <img loading=\"lazy\" decoding=\"async\" width=\"1\" height=\"1\" class=\"wp-image-352\" style=\"width: 1px;\" src=\"http:\/\/simm-system.pl\/wp-content\/uploads\/2023\/12\/herb-nowy-1.jpg\" alt=\"\" srcset=\"https:\/\/simm-system.pl\/wp-content\/uploads\/2023\/12\/herb-nowy-1.jpg 200w, https:\/\/simm-system.pl\/wp-content\/uploads\/2023\/12\/herb-nowy-1-150x150.jpg 150w, https:\/\/simm-system.pl\/wp-content\/uploads\/2023\/12\/herb-nowy-1-100x100.jpg 100w\" sizes=\"auto, (max-width: 1px) 100vw, 1px\" \/><img loading=\"lazy\" decoding=\"async\" width=\"150\" height=\"58\" class=\"wp-image-350\" style=\"width: 150px;\" src=\"http:\/\/simm-system.pl\/wp-content\/uploads\/2023\/12\/wm.png\" alt=\"\" srcset=\"https:\/\/simm-system.pl\/wp-content\/uploads\/2023\/12\/wm.png 1512w, https:\/\/simm-system.pl\/wp-content\/uploads\/2023\/12\/wm-300x115.png 300w, https:\/\/simm-system.pl\/wp-content\/uploads\/2023\/12\/wm-1024x394.png 1024w, https:\/\/simm-system.pl\/wp-content\/uploads\/2023\/12\/wm-768x296.png 768w, https:\/\/simm-system.pl\/wp-content\/uploads\/2023\/12\/wm-600x231.png 600w\" sizes=\"auto, (max-width: 150px) 100vw, 150px\" \/><\/p>\n\n\n\n<p class=\"has-black-color has-cyan-bluish-gray-background-color has-text-color has-background has-link-color wp-elements-f48e473714680612d874ada55ad5c35f\"><strong>MOBILIS SP. Z O.O.   <\/strong><img loading=\"lazy\" decoding=\"async\" width=\"120\" height=\"44\" class=\"wp-image-348\" style=\"width: 120px;\" src=\"http:\/\/simm-system.pl\/wp-content\/uploads\/2023\/12\/logo_mobilis.png\" alt=\"\" srcset=\"https:\/\/simm-system.pl\/wp-content\/uploads\/2023\/12\/logo_mobilis.png 730w, https:\/\/simm-system.pl\/wp-content\/uploads\/2023\/12\/logo_mobilis-300x111.png 300w, https:\/\/simm-system.pl\/wp-content\/uploads\/2023\/12\/logo_mobilis-600x222.png 600w\" sizes=\"auto, (max-width: 120px) 100vw, 120px\" \/><\/p>\n\n\n\n<p class=\"has-black-color has-cyan-bluish-gray-background-color has-text-color has-background has-link-color wp-elements-f61d4ea8b19be49ad3f01b5e990ba4e7\"><strong>O\u015aRODEK KULTURY SPORTU I REKREACJI W WISZNI MA\u0141EJ<\/strong><\/p>\n\n\n\n<p class=\"has-black-color has-cyan-bluish-gray-background-color has-text-color has-background has-link-color wp-elements-cb07fcc08941fe6fac6d939534f83a74\"><strong>GMINNY O\u015aRODEK POMOCY SPO\u0141ECZNEJ<\/strong> <strong>W WISZNI MA\u0141EJ<\/strong><\/p>\n\n\n\n<p class=\"has-black-color has-cyan-bluish-gray-background-color has-text-color has-background has-link-color wp-elements-265fc45d885644e06aeafb118e9d6645\"><strong>SZKO\u0141Y PODSTAWOWE<\/strong><\/p>\n\n\n\n<p class=\"has-black-color has-cyan-bluish-gray-background-color has-text-color has-background has-link-color wp-elements-c6c8c4c4750977edb47a3ff8cc58b14a\"><strong>PRZEDSZKOLA<\/strong><\/p>\n\n\n\n<p class=\"has-black-color has-cyan-bluish-gray-background-color has-text-color has-background has-link-color wp-elements-ec0c04b3669781236b9776e5f75f5628\"><strong>ULFURINN TATTOO<\/strong><\/p>\n\n\n\n<p class=\"has-black-color has-cyan-bluish-gray-background-color has-text-color has-background has-link-color wp-elements-0d78f8e333eed80c73775d254e238072\"><strong>KOMORNIK S\u0104DOWY PRZY S\u0104DZIE REJONOWYM W TRZEBNICY<\/strong><\/p>\n\n\n\n<p class=\"has-black-color has-cyan-bluish-gray-background-color has-text-color has-background has-link-color wp-elements-0df73d9d898300128c206b30f768c768\"><strong>INDYWIDUALNE SZKOLENIA OS\u00d3B PRYWATNYCH<\/strong><\/p>\n\n\n\n<p><\/p>\n","protected":false},"excerpt":{"rendered":"<p>NASZA DOTYCHCZASOWA WSP\u00d3\u0141PRACA KOLEJKOWO WROC\u0141AW \/ GLIWICE WOJEW\u00d3DZKI SZPITAL SPECJALISTYCZNY WE WROC\u0141AWIU SZPITAL REHABILITACYJNY PJ-MED W POPIEL\u00d3WKU MPK WROC\u0141AW URZ\u0104D GMINY WISZNIA MA\u0141A MOBILIS SP.&hellip;<\/p>\n","protected":false},"author":1,"featured_media":0,"parent":0,"menu_order":0,"comment_status":"closed","ping_status":"closed","template":"","meta":{"footnotes":""},"class_list":["post-148","page","type-page","status-publish","hentry"],"yoast_head":"<!-- This site is optimized with the Yoast SEO plugin v20.0 - https:\/\/yoast.com\/wordpress\/plugins\/seo\/ -->\n<title>WSP\u00d3\u0141PRACA - simm-system<\/title>\n<meta name=\"robots\" content=\"index, follow, max-snippet:-1, max-image-preview:large, max-video-preview:-1\" \/>\n<link rel=\"canonical\" href=\"https:\/\/simm-system.pl\/?page_id=148\" \/>\n<meta property=\"og:locale\" content=\"pl_PL\" \/>\n<meta property=\"og:type\" content=\"article\" \/>\n<meta property=\"og:title\" content=\"WSP\u00d3\u0141PRACA - simm-system\" \/>\n<meta property=\"og:description\" content=\"NASZA DOTYCHCZASOWA WSP\u00d3\u0141PRACA KOLEJKOWO WROC\u0141AW \/ GLIWICE WOJEW\u00d3DZKI SZPITAL SPECJALISTYCZNY WE WROC\u0141AWIU SZPITAL REHABILITACYJNY PJ-MED W POPIEL\u00d3WKU MPK WROC\u0141AW URZ\u0104D GMINY WISZNIA MA\u0141A MOBILIS SP.&hellip;\" \/>\n<meta property=\"og:url\" content=\"https:\/\/simm-system.pl\/?page_id=148\" \/>\n<meta property=\"og:site_name\" content=\"simm-system\" \/>\n<meta property=\"article:modified_time\" content=\"2024-02-25T21:29:23+00:00\" \/>\n<meta property=\"og:image\" content=\"http:\/\/simm-system.pl\/wp-content\/uploads\/2023\/12\/logo-kolejkowo.png\" \/>\n<meta name=\"twitter:card\" content=\"summary_large_image\" \/>\n<script type=\"application\/ld+json\" class=\"yoast-schema-graph\">{\"@context\":\"https:\/\/schema.org\",\"@graph\":[{\"@type\":\"WebPage\",\"@id\":\"https:\/\/simm-system.pl\/?page_id=148\",\"url\":\"https:\/\/simm-system.pl\/?page_id=148\",\"name\":\"WSP\u00d3\u0141PRACA - simm-system\",\"isPartOf\":{\"@id\":\"https:\/\/simm-system.pl\/#website\"},\"datePublished\":\"2023-12-26T11:25:10+00:00\",\"dateModified\":\"2024-02-25T21:29:23+00:00\",\"breadcrumb\":{\"@id\":\"https:\/\/simm-system.pl\/?page_id=148#breadcrumb\"},\"inLanguage\":\"pl-PL\",\"potentialAction\":[{\"@type\":\"ReadAction\",\"target\":[\"https:\/\/simm-system.pl\/?page_id=148\"]}]},{\"@type\":\"BreadcrumbList\",\"@id\":\"https:\/\/simm-system.pl\/?page_id=148#breadcrumb\",\"itemListElement\":[{\"@type\":\"ListItem\",\"position\":1,\"name\":\"Home\",\"item\":\"https:\/\/simm-system.pl\/\"},{\"@type\":\"ListItem\",\"position\":2,\"name\":\"WSP\u00d3\u0141PRACA\"}]},{\"@type\":\"WebSite\",\"@id\":\"https:\/\/simm-system.pl\/#website\",\"url\":\"https:\/\/simm-system.pl\/\",\"name\":\"simm-system\",\"description\":\"Szkolenia za zakresu pierwszej pomocy BLS AED\",\"potentialAction\":[{\"@type\":\"SearchAction\",\"target\":{\"@type\":\"EntryPoint\",\"urlTemplate\":\"https:\/\/simm-system.pl\/?s={search_term_string}\"},\"query-input\":\"required name=search_term_string\"}],\"inLanguage\":\"pl-PL\"}]}<\/script>\n<!-- \/ Yoast SEO plugin. -->","yoast_head_json":{"title":"WSP\u00d3\u0141PRACA - simm-system","robots":{"index":"index","follow":"follow","max-snippet":"max-snippet:-1","max-image-preview":"max-image-preview:large","max-video-preview":"max-video-preview:-1"},"canonical":"https:\/\/simm-system.pl\/?page_id=148","og_locale":"pl_PL","og_type":"article","og_title":"WSP\u00d3\u0141PRACA - simm-system","og_description":"NASZA DOTYCHCZASOWA WSP\u00d3\u0141PRACA KOLEJKOWO WROC\u0141AW \/ GLIWICE WOJEW\u00d3DZKI SZPITAL SPECJALISTYCZNY WE WROC\u0141AWIU SZPITAL REHABILITACYJNY PJ-MED W POPIEL\u00d3WKU MPK WROC\u0141AW URZ\u0104D GMINY WISZNIA MA\u0141A MOBILIS SP.&hellip;","og_url":"https:\/\/simm-system.pl\/?page_id=148","og_site_name":"simm-system","article_modified_time":"2024-02-25T21:29:23+00:00","og_image":[{"url":"http:\/\/simm-system.pl\/wp-content\/uploads\/2023\/12\/logo-kolejkowo.png"}],"twitter_card":"summary_large_image","schema":{"@context":"https:\/\/schema.org","@graph":[{"@type":"WebPage","@id":"https:\/\/simm-system.pl\/?page_id=148","url":"https:\/\/simm-system.pl\/?page_id=148","name":"WSP\u00d3\u0141PRACA - simm-system","isPartOf":{"@id":"https:\/\/simm-system.pl\/#website"},"datePublished":"2023-12-26T11:25:10+00:00","dateModified":"2024-02-25T21:29:23+00:00","breadcrumb":{"@id":"https:\/\/simm-system.pl\/?page_id=148#breadcrumb"},"inLanguage":"pl-PL","potentialAction":[{"@type":"ReadAction","target":["https:\/\/simm-system.pl\/?page_id=148"]}]},{"@type":"BreadcrumbList","@id":"https:\/\/simm-system.pl\/?page_id=148#breadcrumb","itemListElement":[{"@type":"ListItem","position":1,"name":"Home","item":"https:\/\/simm-system.pl\/"},{"@type":"ListItem","position":2,"name":"WSP\u00d3\u0141PRACA"}]},{"@type":"WebSite","@id":"https:\/\/simm-system.pl\/#website","url":"https:\/\/simm-system.pl\/","name":"simm-system","description":"Szkolenia za zakresu pierwszej pomocy BLS AED","potentialAction":[{"@type":"SearchAction","target":{"@type":"EntryPoint","urlTemplate":"https:\/\/simm-system.pl\/?s={search_term_string}"},"query-input":"required name=search_term_string"}],"inLanguage":"pl-PL"}]}},"_links":{"self":[{"href":"https:\/\/simm-system.pl\/index.php?rest_route=\/wp\/v2\/pages\/148","targetHints":{"allow":["GET"]}}],"collection":[{"href":"https:\/\/simm-system.pl\/index.php?rest_route=\/wp\/v2\/pages"}],"about":[{"href":"https:\/\/simm-system.pl\/index.php?rest_route=\/wp\/v2\/types\/page"}],"author":[{"embeddable":true,"href":"https:\/\/simm-system.pl\/index.php?rest_route=\/wp\/v2\/users\/1"}],"replies":[{"embeddable":true,"href":"https:\/\/simm-system.pl\/index.php?rest_route=%2Fwp%2Fv2%2Fcomments&post=148"}],"version-history":[{"count":5,"href":"https:\/\/simm-system.pl\/index.php?rest_route=\/wp\/v2\/pages\/148\/revisions"}],"predecessor-version":[{"id":517,"href":"https:\/\/simm-system.pl\/index.php?rest_route=\/wp\/v2\/pages\/148\/revisions\/517"}],"wp:attachment":[{"href":"https:\/\/simm-system.pl\/index.php?rest_route=%2Fwp%2Fv2%2Fmedia&parent=148"}],"curies":[{"name":"wp","href":"https:\/\/api.w.org\/{rel}","templated":true}]}}