{"id":262,"date":"2023-12-26T20:49:53","date_gmt":"2023-12-26T19:49:53","guid":{"rendered":"http:\/\/simm-system.pl\/?page_id=262"},"modified":"2023-12-26T21:44:01","modified_gmt":"2023-12-26T20:44:01","slug":"epipen-training","status":"publish","type":"page","link":"http:\/\/simm-system.pl\/?page_id=262","title":{"rendered":"EPIPEN TRAINING"},"content":{"rendered":"\n<p><strong>EpiPen TRAINER \u2013 treningowa autostrzykawka. <br>Automatyczna strzykawka&nbsp;w&nbsp;wersji treningowej, symulator wielorazowego u\u017cytku<\/strong>. <br><strong>Ka\u017cdy kto po\u0107wiczy na wersji treningowej na pewno b\u0119dzie wiedzia\u0142 jak u\u017cywa\u0107 prawdziwej autostrzykawki w&nbsp;sytuacji kryzysowej.<\/strong><\/p>\n\n\n\n<figure class=\"wp-block-gallery has-nested-images columns-default is-cropped wp-block-gallery-1 is-layout-flex wp-block-gallery-is-layout-flex\">\n<figure class=\"wp-block-image size-large\"><img loading=\"lazy\" decoding=\"async\" width=\"684\" height=\"1024\" data-id=\"296\" src=\"http:\/\/simm-system.pl\/wp-content\/uploads\/2023\/12\/DSC_7518-1-684x1024.jpg\" alt=\"\" class=\"wp-image-296\" srcset=\"http:\/\/simm-system.pl\/wp-content\/uploads\/2023\/12\/DSC_7518-1-684x1024.jpg 684w, http:\/\/simm-system.pl\/wp-content\/uploads\/2023\/12\/DSC_7518-1-200x300.jpg 200w, http:\/\/simm-system.pl\/wp-content\/uploads\/2023\/12\/DSC_7518-1-768x1150.jpg 768w, http:\/\/simm-system.pl\/wp-content\/uploads\/2023\/12\/DSC_7518-1-1025x1536.jpg 1025w, http:\/\/simm-system.pl\/wp-content\/uploads\/2023\/12\/DSC_7518-1-1367x2048.jpg 1367w, http:\/\/simm-system.pl\/wp-content\/uploads\/2023\/12\/DSC_7518-1-600x899.jpg 600w, http:\/\/simm-system.pl\/wp-content\/uploads\/2023\/12\/DSC_7518-1-scaled.jpg 1709w\" sizes=\"auto, (max-width: 684px) 100vw, 684px\" \/><\/figure>\n\n\n\n<figure class=\"wp-block-image size-large\"><img loading=\"lazy\" decoding=\"async\" width=\"684\" height=\"1024\" data-id=\"297\" src=\"http:\/\/simm-system.pl\/wp-content\/uploads\/2023\/12\/DSC_7536-1-684x1024.jpg\" alt=\"\" class=\"wp-image-297\" srcset=\"http:\/\/simm-system.pl\/wp-content\/uploads\/2023\/12\/DSC_7536-1-684x1024.jpg 684w, http:\/\/simm-system.pl\/wp-content\/uploads\/2023\/12\/DSC_7536-1-200x300.jpg 200w, http:\/\/simm-system.pl\/wp-content\/uploads\/2023\/12\/DSC_7536-1-768x1150.jpg 768w, http:\/\/simm-system.pl\/wp-content\/uploads\/2023\/12\/DSC_7536-1-1025x1536.jpg 1025w, http:\/\/simm-system.pl\/wp-content\/uploads\/2023\/12\/DSC_7536-1-1367x2048.jpg 1367w, http:\/\/simm-system.pl\/wp-content\/uploads\/2023\/12\/DSC_7536-1-600x899.jpg 600w, http:\/\/simm-system.pl\/wp-content\/uploads\/2023\/12\/DSC_7536-1-scaled.jpg 1709w\" sizes=\"auto, (max-width: 684px) 100vw, 684px\" \/><\/figure>\n<\/figure>\n","protected":false},"excerpt":{"rendered":"<p>EpiPen TRAINER \u2013 treningowa autostrzykawka. Automatyczna strzykawka&nbsp;w&nbsp;wersji treningowej, symulator wielorazowego u\u017cytku. Ka\u017cdy kto po\u0107wiczy na wersji treningowej na pewno b\u0119dzie wiedzia\u0142 jak u\u017cywa\u0107 prawdziwej autostrzykawki&hellip;<\/p>\n","protected":false},"author":1,"featured_media":0,"parent":0,"menu_order":0,"comment_status":"closed","ping_status":"closed","template":"","meta":{"footnotes":""},"class_list":["post-262","page","type-page","status-publish","hentry"],"yoast_head":"<!-- This site is optimized with the Yoast SEO plugin v20.0 - https:\/\/yoast.com\/wordpress\/plugins\/seo\/ -->\n<title>EPIPEN TRAINING - simm-system<\/title>\n<meta name=\"robots\" content=\"index, follow, max-snippet:-1, max-image-preview:large, max-video-preview:-1\" \/>\n<link rel=\"canonical\" href=\"https:\/\/simm-system.pl\/?page_id=262\" \/>\n<meta property=\"og:locale\" content=\"pl_PL\" \/>\n<meta property=\"og:type\" content=\"article\" \/>\n<meta property=\"og:title\" content=\"EPIPEN TRAINING - simm-system\" \/>\n<meta property=\"og:description\" content=\"EpiPen TRAINER \u2013 treningowa autostrzykawka. Automatyczna strzykawka&nbsp;w&nbsp;wersji treningowej, symulator wielorazowego u\u017cytku. Ka\u017cdy kto po\u0107wiczy na wersji treningowej na pewno b\u0119dzie wiedzia\u0142 jak u\u017cywa\u0107 prawdziwej autostrzykawki&hellip;\" \/>\n<meta property=\"og:url\" content=\"https:\/\/simm-system.pl\/?page_id=262\" \/>\n<meta property=\"og:site_name\" content=\"simm-system\" \/>\n<meta property=\"article:modified_time\" content=\"2023-12-26T20:44:01+00:00\" \/>\n<meta property=\"og:image\" content=\"http:\/\/simm-system.pl\/wp-content\/uploads\/2023\/12\/DSC_7518-1-684x1024.jpg\" \/>\n<meta name=\"twitter:card\" content=\"summary_large_image\" \/>\n<script type=\"application\/ld+json\" class=\"yoast-schema-graph\">{\"@context\":\"https:\/\/schema.org\",\"@graph\":[{\"@type\":\"WebPage\",\"@id\":\"https:\/\/simm-system.pl\/?page_id=262\",\"url\":\"https:\/\/simm-system.pl\/?page_id=262\",\"name\":\"EPIPEN TRAINING - simm-system\",\"isPartOf\":{\"@id\":\"https:\/\/simm-system.pl\/#website\"},\"datePublished\":\"2023-12-26T19:49:53+00:00\",\"dateModified\":\"2023-12-26T20:44:01+00:00\",\"breadcrumb\":{\"@id\":\"https:\/\/simm-system.pl\/?page_id=262#breadcrumb\"},\"inLanguage\":\"pl-PL\",\"potentialAction\":[{\"@type\":\"ReadAction\",\"target\":[\"https:\/\/simm-system.pl\/?page_id=262\"]}]},{\"@type\":\"BreadcrumbList\",\"@id\":\"https:\/\/simm-system.pl\/?page_id=262#breadcrumb\",\"itemListElement\":[{\"@type\":\"ListItem\",\"position\":1,\"name\":\"Home\",\"item\":\"https:\/\/simm-system.pl\/\"},{\"@type\":\"ListItem\",\"position\":2,\"name\":\"EPIPEN TRAINING\"}]},{\"@type\":\"WebSite\",\"@id\":\"https:\/\/simm-system.pl\/#website\",\"url\":\"https:\/\/simm-system.pl\/\",\"name\":\"simm-system\",\"description\":\"Szkolenia za zakresu pierwszej pomocy BLS AED\",\"potentialAction\":[{\"@type\":\"SearchAction\",\"target\":{\"@type\":\"EntryPoint\",\"urlTemplate\":\"https:\/\/simm-system.pl\/?s={search_term_string}\"},\"query-input\":\"required name=search_term_string\"}],\"inLanguage\":\"pl-PL\"}]}<\/script>\n<!-- \/ Yoast SEO plugin. -->","yoast_head_json":{"title":"EPIPEN TRAINING - simm-system","robots":{"index":"index","follow":"follow","max-snippet":"max-snippet:-1","max-image-preview":"max-image-preview:large","max-video-preview":"max-video-preview:-1"},"canonical":"https:\/\/simm-system.pl\/?page_id=262","og_locale":"pl_PL","og_type":"article","og_title":"EPIPEN TRAINING - simm-system","og_description":"EpiPen TRAINER \u2013 treningowa autostrzykawka. Automatyczna strzykawka&nbsp;w&nbsp;wersji treningowej, symulator wielorazowego u\u017cytku. Ka\u017cdy kto po\u0107wiczy na wersji treningowej na pewno b\u0119dzie wiedzia\u0142 jak u\u017cywa\u0107 prawdziwej autostrzykawki&hellip;","og_url":"https:\/\/simm-system.pl\/?page_id=262","og_site_name":"simm-system","article_modified_time":"2023-12-26T20:44:01+00:00","og_image":[{"url":"http:\/\/simm-system.pl\/wp-content\/uploads\/2023\/12\/DSC_7518-1-684x1024.jpg"}],"twitter_card":"summary_large_image","schema":{"@context":"https:\/\/schema.org","@graph":[{"@type":"WebPage","@id":"https:\/\/simm-system.pl\/?page_id=262","url":"https:\/\/simm-system.pl\/?page_id=262","name":"EPIPEN TRAINING - simm-system","isPartOf":{"@id":"https:\/\/simm-system.pl\/#website"},"datePublished":"2023-12-26T19:49:53+00:00","dateModified":"2023-12-26T20:44:01+00:00","breadcrumb":{"@id":"https:\/\/simm-system.pl\/?page_id=262#breadcrumb"},"inLanguage":"pl-PL","potentialAction":[{"@type":"ReadAction","target":["https:\/\/simm-system.pl\/?page_id=262"]}]},{"@type":"BreadcrumbList","@id":"https:\/\/simm-system.pl\/?page_id=262#breadcrumb","itemListElement":[{"@type":"ListItem","position":1,"name":"Home","item":"https:\/\/simm-system.pl\/"},{"@type":"ListItem","position":2,"name":"EPIPEN TRAINING"}]},{"@type":"WebSite","@id":"https:\/\/simm-system.pl\/#website","url":"https:\/\/simm-system.pl\/","name":"simm-system","description":"Szkolenia za zakresu pierwszej pomocy BLS AED","potentialAction":[{"@type":"SearchAction","target":{"@type":"EntryPoint","urlTemplate":"https:\/\/simm-system.pl\/?s={search_term_string}"},"query-input":"required name=search_term_string"}],"inLanguage":"pl-PL"}]}},"_links":{"self":[{"href":"http:\/\/simm-system.pl\/index.php?rest_route=\/wp\/v2\/pages\/262","targetHints":{"allow":["GET"]}}],"collection":[{"href":"http:\/\/simm-system.pl\/index.php?rest_route=\/wp\/v2\/pages"}],"about":[{"href":"http:\/\/simm-system.pl\/index.php?rest_route=\/wp\/v2\/types\/page"}],"author":[{"embeddable":true,"href":"http:\/\/simm-system.pl\/index.php?rest_route=\/wp\/v2\/users\/1"}],"replies":[{"embeddable":true,"href":"http:\/\/simm-system.pl\/index.php?rest_route=%2Fwp%2Fv2%2Fcomments&post=262"}],"version-history":[{"count":2,"href":"http:\/\/simm-system.pl\/index.php?rest_route=\/wp\/v2\/pages\/262\/revisions"}],"predecessor-version":[{"id":315,"href":"http:\/\/simm-system.pl\/index.php?rest_route=\/wp\/v2\/pages\/262\/revisions\/315"}],"wp:attachment":[{"href":"http:\/\/simm-system.pl\/index.php?rest_route=%2Fwp%2Fv2%2Fmedia&parent=262"}],"curies":[{"name":"wp","href":"https:\/\/api.w.org\/{rel}","templated":true}]}}