{"id":260,"date":"2023-12-26T20:41:26","date_gmt":"2023-12-26T19:41:26","guid":{"rendered":"http:\/\/simm-system.pl\/?page_id=260"},"modified":"2025-09-28T21:24:36","modified_gmt":"2025-09-28T19:24:36","slug":"kamizelka-act-fast","status":"publish","type":"page","link":"http:\/\/simm-system.pl\/?page_id=260","title":{"rendered":"KAMIZELKA ACT FAST"},"content":{"rendered":"\n<p><strong>Kamizelka s\u0142u\u017cy do nauki post\u0119powania z zad\u0142awieniami. <br>Kamizelka Act Fast Anti Choking Trainer jest wykorzystywana podczas szkole\u0144 z pierwszej pomocy w sytuacji zad\u0142awienia. Jej przeznaczenie i dzia\u0142anie skupia si\u0119 na nauce technik ucisku nadbrzusza. Polega ona na naci\u015bni\u0119ciu przepony w celu wypchni\u0119cia przedmiotu znajduj\u0105cego si\u0119 w tchawicy zad\u0142awionego z odpowiedni\u0105 si\u0142\u0105. Dzi\u0119ki kamizelce mo\u017cna u\u017cy\u0107 w\u0142a\u015bciwej si\u0142y potrzebnej do uratowania d\u0142awi\u0105cej si\u0119 osoby bez obaw, \u017ce stanie si\u0119 jej krzywda.&nbsp;<\/strong><\/p>\n\n\n\n<figure class=\"wp-block-gallery has-nested-images columns-default is-cropped wp-block-gallery-1 is-layout-flex wp-block-gallery-is-layout-flex\">\n<figure class=\"wp-block-image size-large\"><img loading=\"lazy\" decoding=\"async\" width=\"1024\" height=\"684\" data-id=\"194\" src=\"http:\/\/simm-system.pl\/wp-content\/uploads\/2023\/12\/DSC_7352-1024x684.jpg\" alt=\"\" class=\"wp-image-194\" srcset=\"http:\/\/simm-system.pl\/wp-content\/uploads\/2023\/12\/DSC_7352-1024x684.jpg 1024w, http:\/\/simm-system.pl\/wp-content\/uploads\/2023\/12\/DSC_7352-300x200.jpg 300w, http:\/\/simm-system.pl\/wp-content\/uploads\/2023\/12\/DSC_7352-768x513.jpg 768w, http:\/\/simm-system.pl\/wp-content\/uploads\/2023\/12\/DSC_7352-1536x1025.jpg 1536w, http:\/\/simm-system.pl\/wp-content\/uploads\/2023\/12\/DSC_7352-2048x1367.jpg 2048w, http:\/\/simm-system.pl\/wp-content\/uploads\/2023\/12\/DSC_7352-600x401.jpg 600w\" sizes=\"auto, (max-width: 1024px) 100vw, 1024px\" \/><\/figure>\n\n\n\n<figure class=\"wp-block-image size-large\"><img loading=\"lazy\" decoding=\"async\" width=\"1024\" height=\"684\" data-id=\"195\" src=\"http:\/\/simm-system.pl\/wp-content\/uploads\/2023\/12\/DSC_7353-1024x684.jpg\" alt=\"\" class=\"wp-image-195\" srcset=\"http:\/\/simm-system.pl\/wp-content\/uploads\/2023\/12\/DSC_7353-1024x684.jpg 1024w, http:\/\/simm-system.pl\/wp-content\/uploads\/2023\/12\/DSC_7353-300x200.jpg 300w, http:\/\/simm-system.pl\/wp-content\/uploads\/2023\/12\/DSC_7353-768x513.jpg 768w, http:\/\/simm-system.pl\/wp-content\/uploads\/2023\/12\/DSC_7353-1536x1025.jpg 1536w, http:\/\/simm-system.pl\/wp-content\/uploads\/2023\/12\/DSC_7353-2048x1367.jpg 2048w, http:\/\/simm-system.pl\/wp-content\/uploads\/2023\/12\/DSC_7353-600x401.jpg 600w\" sizes=\"auto, (max-width: 1024px) 100vw, 1024px\" \/><\/figure>\n<\/figure>\n","protected":false},"excerpt":{"rendered":"<p>Kamizelka s\u0142u\u017cy do nauki post\u0119powania z zad\u0142awieniami. Kamizelka Act Fast Anti Choking Trainer jest wykorzystywana podczas szkole\u0144 z pierwszej pomocy w sytuacji zad\u0142awienia. Jej przeznaczenie&hellip;<\/p>\n","protected":false},"author":1,"featured_media":0,"parent":0,"menu_order":0,"comment_status":"closed","ping_status":"closed","template":"","meta":{"footnotes":""},"class_list":["post-260","page","type-page","status-publish","hentry"],"yoast_head":"<!-- This site is optimized with the Yoast SEO plugin v20.0 - https:\/\/yoast.com\/wordpress\/plugins\/seo\/ -->\n<title>KAMIZELKA ACT FAST - simm-system<\/title>\n<meta name=\"robots\" content=\"index, follow, max-snippet:-1, max-image-preview:large, max-video-preview:-1\" \/>\n<link rel=\"canonical\" href=\"https:\/\/simm-system.pl\/?page_id=260\" \/>\n<meta property=\"og:locale\" content=\"pl_PL\" \/>\n<meta property=\"og:type\" content=\"article\" \/>\n<meta property=\"og:title\" content=\"KAMIZELKA ACT FAST - simm-system\" \/>\n<meta property=\"og:description\" content=\"Kamizelka s\u0142u\u017cy do nauki post\u0119powania z zad\u0142awieniami. Kamizelka Act Fast Anti Choking Trainer jest wykorzystywana podczas szkole\u0144 z pierwszej pomocy w sytuacji zad\u0142awienia. Jej przeznaczenie&hellip;\" \/>\n<meta property=\"og:url\" content=\"https:\/\/simm-system.pl\/?page_id=260\" \/>\n<meta property=\"og:site_name\" content=\"simm-system\" \/>\n<meta property=\"article:modified_time\" content=\"2025-09-28T19:24:36+00:00\" \/>\n<meta property=\"og:image\" content=\"http:\/\/simm-system.pl\/wp-content\/uploads\/2023\/12\/DSC_7352-1024x684.jpg\" \/>\n<meta name=\"twitter:card\" content=\"summary_large_image\" \/>\n<meta name=\"twitter:label1\" content=\"Szacowany czas czytania\" \/>\n\t<meta name=\"twitter:data1\" content=\"1 minuta\" \/>\n<script type=\"application\/ld+json\" class=\"yoast-schema-graph\">{\"@context\":\"https:\/\/schema.org\",\"@graph\":[{\"@type\":\"WebPage\",\"@id\":\"https:\/\/simm-system.pl\/?page_id=260\",\"url\":\"https:\/\/simm-system.pl\/?page_id=260\",\"name\":\"KAMIZELKA ACT FAST - simm-system\",\"isPartOf\":{\"@id\":\"https:\/\/simm-system.pl\/#website\"},\"datePublished\":\"2023-12-26T19:41:26+00:00\",\"dateModified\":\"2025-09-28T19:24:36+00:00\",\"breadcrumb\":{\"@id\":\"https:\/\/simm-system.pl\/?page_id=260#breadcrumb\"},\"inLanguage\":\"pl-PL\",\"potentialAction\":[{\"@type\":\"ReadAction\",\"target\":[\"https:\/\/simm-system.pl\/?page_id=260\"]}]},{\"@type\":\"BreadcrumbList\",\"@id\":\"https:\/\/simm-system.pl\/?page_id=260#breadcrumb\",\"itemListElement\":[{\"@type\":\"ListItem\",\"position\":1,\"name\":\"Home\",\"item\":\"https:\/\/simm-system.pl\/\"},{\"@type\":\"ListItem\",\"position\":2,\"name\":\"KAMIZELKA ACT FAST\"}]},{\"@type\":\"WebSite\",\"@id\":\"https:\/\/simm-system.pl\/#website\",\"url\":\"https:\/\/simm-system.pl\/\",\"name\":\"simm-system\",\"description\":\"Szkolenia za zakresu pierwszej pomocy BLS AED\",\"potentialAction\":[{\"@type\":\"SearchAction\",\"target\":{\"@type\":\"EntryPoint\",\"urlTemplate\":\"https:\/\/simm-system.pl\/?s={search_term_string}\"},\"query-input\":\"required name=search_term_string\"}],\"inLanguage\":\"pl-PL\"}]}<\/script>\n<!-- \/ Yoast SEO plugin. -->","yoast_head_json":{"title":"KAMIZELKA ACT FAST - simm-system","robots":{"index":"index","follow":"follow","max-snippet":"max-snippet:-1","max-image-preview":"max-image-preview:large","max-video-preview":"max-video-preview:-1"},"canonical":"https:\/\/simm-system.pl\/?page_id=260","og_locale":"pl_PL","og_type":"article","og_title":"KAMIZELKA ACT FAST - simm-system","og_description":"Kamizelka s\u0142u\u017cy do nauki post\u0119powania z zad\u0142awieniami. Kamizelka Act Fast Anti Choking Trainer jest wykorzystywana podczas szkole\u0144 z pierwszej pomocy w sytuacji zad\u0142awienia. Jej przeznaczenie&hellip;","og_url":"https:\/\/simm-system.pl\/?page_id=260","og_site_name":"simm-system","article_modified_time":"2025-09-28T19:24:36+00:00","og_image":[{"url":"http:\/\/simm-system.pl\/wp-content\/uploads\/2023\/12\/DSC_7352-1024x684.jpg"}],"twitter_card":"summary_large_image","twitter_misc":{"Szacowany czas czytania":"1 minuta"},"schema":{"@context":"https:\/\/schema.org","@graph":[{"@type":"WebPage","@id":"https:\/\/simm-system.pl\/?page_id=260","url":"https:\/\/simm-system.pl\/?page_id=260","name":"KAMIZELKA ACT FAST - simm-system","isPartOf":{"@id":"https:\/\/simm-system.pl\/#website"},"datePublished":"2023-12-26T19:41:26+00:00","dateModified":"2025-09-28T19:24:36+00:00","breadcrumb":{"@id":"https:\/\/simm-system.pl\/?page_id=260#breadcrumb"},"inLanguage":"pl-PL","potentialAction":[{"@type":"ReadAction","target":["https:\/\/simm-system.pl\/?page_id=260"]}]},{"@type":"BreadcrumbList","@id":"https:\/\/simm-system.pl\/?page_id=260#breadcrumb","itemListElement":[{"@type":"ListItem","position":1,"name":"Home","item":"https:\/\/simm-system.pl\/"},{"@type":"ListItem","position":2,"name":"KAMIZELKA ACT FAST"}]},{"@type":"WebSite","@id":"https:\/\/simm-system.pl\/#website","url":"https:\/\/simm-system.pl\/","name":"simm-system","description":"Szkolenia za zakresu pierwszej pomocy BLS AED","potentialAction":[{"@type":"SearchAction","target":{"@type":"EntryPoint","urlTemplate":"https:\/\/simm-system.pl\/?s={search_term_string}"},"query-input":"required name=search_term_string"}],"inLanguage":"pl-PL"}]}},"_links":{"self":[{"href":"http:\/\/simm-system.pl\/index.php?rest_route=\/wp\/v2\/pages\/260","targetHints":{"allow":["GET"]}}],"collection":[{"href":"http:\/\/simm-system.pl\/index.php?rest_route=\/wp\/v2\/pages"}],"about":[{"href":"http:\/\/simm-system.pl\/index.php?rest_route=\/wp\/v2\/types\/page"}],"author":[{"embeddable":true,"href":"http:\/\/simm-system.pl\/index.php?rest_route=\/wp\/v2\/users\/1"}],"replies":[{"embeddable":true,"href":"http:\/\/simm-system.pl\/index.php?rest_route=%2Fwp%2Fv2%2Fcomments&post=260"}],"version-history":[{"count":3,"href":"http:\/\/simm-system.pl\/index.php?rest_route=\/wp\/v2\/pages\/260\/revisions"}],"predecessor-version":[{"id":318,"href":"http:\/\/simm-system.pl\/index.php?rest_route=\/wp\/v2\/pages\/260\/revisions\/318"}],"wp:attachment":[{"href":"http:\/\/simm-system.pl\/index.php?rest_route=%2Fwp%2Fv2%2Fmedia&parent=260"}],"curies":[{"name":"wp","href":"https:\/\/api.w.org\/{rel}","templated":true}]}}