{"id":209,"date":"2023-12-26T18:32:21","date_gmt":"2023-12-26T17:32:21","guid":{"rendered":"http:\/\/simm-system.pl\/?page_id=209"},"modified":"2024-02-25T22:06:51","modified_gmt":"2024-02-25T21:06:51","slug":"fantomy","status":"publish","type":"page","link":"http:\/\/simm-system.pl\/?page_id=209","title":{"rendered":"FANTOMY"},"content":{"rendered":"\n<p>Na szkoleniach dost\u0119pne s\u0105 dla uczestnik\u00f3w fantomy renomowanych firm, <br>my pracujemy na fantomach <strong>firmy<\/strong> <strong>LAERDAL. <\/strong><br><br><strong>Posiadamy fantomy typu:<br>&#8211; Little Anna QCPR fantom osoby doros\u0142ej (2 szt.)<br>&#8211; Junior QCPR fantom dziecka<br>&#8211; Baby QCPR fantom niemowl\u0119cia<\/strong><\/p>\n\n\n\n<figure class=\"wp-block-image size-large\"><img loading=\"lazy\" decoding=\"async\" width=\"867\" height=\"1024\" src=\"http:\/\/simm-system.pl\/wp-content\/uploads\/2023\/12\/DSC_7373-867x1024.jpg\" alt=\"\" class=\"wp-image-287\" srcset=\"http:\/\/simm-system.pl\/wp-content\/uploads\/2023\/12\/DSC_7373-867x1024.jpg 867w, http:\/\/simm-system.pl\/wp-content\/uploads\/2023\/12\/DSC_7373-254x300.jpg 254w, http:\/\/simm-system.pl\/wp-content\/uploads\/2023\/12\/DSC_7373-768x907.jpg 768w, http:\/\/simm-system.pl\/wp-content\/uploads\/2023\/12\/DSC_7373-1300x1536.jpg 1300w, http:\/\/simm-system.pl\/wp-content\/uploads\/2023\/12\/DSC_7373-1733x2048.jpg 1733w, http:\/\/simm-system.pl\/wp-content\/uploads\/2023\/12\/DSC_7373-600x709.jpg 600w\" sizes=\"auto, (max-width: 867px) 100vw, 867px\" \/><\/figure>\n\n\n\n<figure class=\"wp-block-image size-large\"><img loading=\"lazy\" decoding=\"async\" width=\"684\" height=\"1024\" src=\"http:\/\/simm-system.pl\/wp-content\/uploads\/2023\/12\/DSC_7376-684x1024.jpg\" alt=\"\" class=\"wp-image-197\" srcset=\"http:\/\/simm-system.pl\/wp-content\/uploads\/2023\/12\/DSC_7376-684x1024.jpg 684w, http:\/\/simm-system.pl\/wp-content\/uploads\/2023\/12\/DSC_7376-200x300.jpg 200w, http:\/\/simm-system.pl\/wp-content\/uploads\/2023\/12\/DSC_7376-768x1150.jpg 768w, http:\/\/simm-system.pl\/wp-content\/uploads\/2023\/12\/DSC_7376-1025x1536.jpg 1025w, http:\/\/simm-system.pl\/wp-content\/uploads\/2023\/12\/DSC_7376-1367x2048.jpg 1367w, http:\/\/simm-system.pl\/wp-content\/uploads\/2023\/12\/DSC_7376-600x899.jpg 600w, http:\/\/simm-system.pl\/wp-content\/uploads\/2023\/12\/DSC_7376-scaled.jpg 1709w\" sizes=\"auto, (max-width: 684px) 100vw, 684px\" \/><\/figure>\n\n\n\n<figure class=\"wp-block-image size-large\"><img loading=\"lazy\" decoding=\"async\" width=\"1024\" height=\"684\" src=\"http:\/\/simm-system.pl\/wp-content\/uploads\/2023\/12\/DSC_7388-1024x684.jpg\" alt=\"\" class=\"wp-image-288\" srcset=\"http:\/\/simm-system.pl\/wp-content\/uploads\/2023\/12\/DSC_7388-1024x684.jpg 1024w, http:\/\/simm-system.pl\/wp-content\/uploads\/2023\/12\/DSC_7388-300x200.jpg 300w, http:\/\/simm-system.pl\/wp-content\/uploads\/2023\/12\/DSC_7388-768x513.jpg 768w, http:\/\/simm-system.pl\/wp-content\/uploads\/2023\/12\/DSC_7388-1536x1025.jpg 1536w, http:\/\/simm-system.pl\/wp-content\/uploads\/2023\/12\/DSC_7388-2048x1367.jpg 2048w, http:\/\/simm-system.pl\/wp-content\/uploads\/2023\/12\/DSC_7388-600x401.jpg 600w\" sizes=\"auto, (max-width: 1024px) 100vw, 1024px\" \/><\/figure>\n\n\n\n<figure class=\"wp-block-gallery has-nested-images columns-default is-cropped wp-block-gallery-1 is-layout-flex wp-block-gallery-is-layout-flex\">\n<figure class=\"wp-block-image size-large\"><img loading=\"lazy\" decoding=\"async\" width=\"600\" height=\"600\" data-id=\"58\" src=\"http:\/\/simm-system.pl\/wp-content\/uploads\/2023\/01\/327474441_596191462332297_4456962153794954168_n-1.png\" alt=\"\" class=\"wp-image-58\" srcset=\"http:\/\/simm-system.pl\/wp-content\/uploads\/2023\/01\/327474441_596191462332297_4456962153794954168_n-1.png 600w, http:\/\/simm-system.pl\/wp-content\/uploads\/2023\/01\/327474441_596191462332297_4456962153794954168_n-1-300x300.png 300w, http:\/\/simm-system.pl\/wp-content\/uploads\/2023\/01\/327474441_596191462332297_4456962153794954168_n-1-100x100.png 100w, http:\/\/simm-system.pl\/wp-content\/uploads\/2023\/01\/327474441_596191462332297_4456962153794954168_n-1-150x150.png 150w\" sizes=\"auto, (max-width: 600px) 100vw, 600px\" \/><\/figure>\n\n\n\n<figure class=\"wp-block-image size-large\"><img loading=\"lazy\" decoding=\"async\" width=\"444\" height=\"444\" data-id=\"210\" src=\"http:\/\/simm-system.pl\/wp-content\/uploads\/2023\/12\/large_128-01050.jpg\" alt=\"\" class=\"wp-image-210\" srcset=\"http:\/\/simm-system.pl\/wp-content\/uploads\/2023\/12\/large_128-01050.jpg 444w, http:\/\/simm-system.pl\/wp-content\/uploads\/2023\/12\/large_128-01050-300x300.jpg 300w, http:\/\/simm-system.pl\/wp-content\/uploads\/2023\/12\/large_128-01050-150x150.jpg 150w, http:\/\/simm-system.pl\/wp-content\/uploads\/2023\/12\/large_128-01050-100x100.jpg 100w\" sizes=\"auto, (max-width: 444px) 100vw, 444px\" \/><\/figure>\n<\/figure>\n\n\n\n<figure class=\"wp-block-image size-large is-resized\"><img loading=\"lazy\" decoding=\"async\" width=\"2560\" height=\"2560\" src=\"https:\/\/simm-system.pl\/wp-content\/uploads\/2024\/02\/img_20240210_104448-edited-scaled.jpg\" alt=\"\" class=\"wp-image-476\" style=\"width:840px;height:auto\" srcset=\"http:\/\/simm-system.pl\/wp-content\/uploads\/2024\/02\/img_20240210_104448-edited-scaled.jpg 2560w, http:\/\/simm-system.pl\/wp-content\/uploads\/2024\/02\/img_20240210_104448-edited-300x300.jpg 300w, http:\/\/simm-system.pl\/wp-content\/uploads\/2024\/02\/img_20240210_104448-edited-1024x1024.jpg 1024w, http:\/\/simm-system.pl\/wp-content\/uploads\/2024\/02\/img_20240210_104448-edited-150x150.jpg 150w, http:\/\/simm-system.pl\/wp-content\/uploads\/2024\/02\/img_20240210_104448-edited-768x768.jpg 768w, http:\/\/simm-system.pl\/wp-content\/uploads\/2024\/02\/img_20240210_104448-edited-1536x1536.jpg 1536w, http:\/\/simm-system.pl\/wp-content\/uploads\/2024\/02\/img_20240210_104448-edited-2048x2048.jpg 2048w, http:\/\/simm-system.pl\/wp-content\/uploads\/2024\/02\/img_20240210_104448-edited-600x600.jpg 600w, http:\/\/simm-system.pl\/wp-content\/uploads\/2024\/02\/img_20240210_104448-edited-100x100.jpg 100w\" sizes=\"auto, (max-width: 2560px) 100vw, 2560px\" \/><\/figure>\n","protected":false},"excerpt":{"rendered":"<p>Na szkoleniach dost\u0119pne s\u0105 dla uczestnik\u00f3w fantomy renomowanych firm, my pracujemy na fantomach firmy LAERDAL. Posiadamy fantomy typu:&#8211; Little Anna QCPR fantom osoby doros\u0142ej (2&hellip;<\/p>\n","protected":false},"author":1,"featured_media":0,"parent":0,"menu_order":0,"comment_status":"closed","ping_status":"closed","template":"","meta":{"footnotes":""},"class_list":["post-209","page","type-page","status-publish","hentry"],"yoast_head":"<!-- This site is optimized with the Yoast SEO plugin v20.0 - https:\/\/yoast.com\/wordpress\/plugins\/seo\/ -->\n<title>FANTOMY - simm-system<\/title>\n<meta name=\"robots\" content=\"index, follow, max-snippet:-1, max-image-preview:large, max-video-preview:-1\" \/>\n<link rel=\"canonical\" href=\"https:\/\/simm-system.pl\/?page_id=209\" \/>\n<meta property=\"og:locale\" content=\"pl_PL\" \/>\n<meta property=\"og:type\" content=\"article\" \/>\n<meta property=\"og:title\" content=\"FANTOMY - simm-system\" \/>\n<meta property=\"og:description\" content=\"Na szkoleniach dost\u0119pne s\u0105 dla uczestnik\u00f3w fantomy renomowanych firm, my pracujemy na fantomach firmy LAERDAL. Posiadamy fantomy typu:&#8211; Little Anna QCPR fantom osoby doros\u0142ej (2&hellip;\" \/>\n<meta property=\"og:url\" content=\"https:\/\/simm-system.pl\/?page_id=209\" \/>\n<meta property=\"og:site_name\" content=\"simm-system\" \/>\n<meta property=\"article:modified_time\" content=\"2024-02-25T21:06:51+00:00\" \/>\n<meta property=\"og:image\" content=\"http:\/\/simm-system.pl\/wp-content\/uploads\/2023\/12\/DSC_7373-867x1024.jpg\" \/>\n<meta name=\"twitter:card\" content=\"summary_large_image\" \/>\n<script type=\"application\/ld+json\" class=\"yoast-schema-graph\">{\"@context\":\"https:\/\/schema.org\",\"@graph\":[{\"@type\":\"WebPage\",\"@id\":\"https:\/\/simm-system.pl\/?page_id=209\",\"url\":\"https:\/\/simm-system.pl\/?page_id=209\",\"name\":\"FANTOMY - simm-system\",\"isPartOf\":{\"@id\":\"https:\/\/simm-system.pl\/#website\"},\"datePublished\":\"2023-12-26T17:32:21+00:00\",\"dateModified\":\"2024-02-25T21:06:51+00:00\",\"breadcrumb\":{\"@id\":\"https:\/\/simm-system.pl\/?page_id=209#breadcrumb\"},\"inLanguage\":\"pl-PL\",\"potentialAction\":[{\"@type\":\"ReadAction\",\"target\":[\"https:\/\/simm-system.pl\/?page_id=209\"]}]},{\"@type\":\"BreadcrumbList\",\"@id\":\"https:\/\/simm-system.pl\/?page_id=209#breadcrumb\",\"itemListElement\":[{\"@type\":\"ListItem\",\"position\":1,\"name\":\"Home\",\"item\":\"https:\/\/simm-system.pl\/\"},{\"@type\":\"ListItem\",\"position\":2,\"name\":\"FANTOMY\"}]},{\"@type\":\"WebSite\",\"@id\":\"https:\/\/simm-system.pl\/#website\",\"url\":\"https:\/\/simm-system.pl\/\",\"name\":\"simm-system\",\"description\":\"Szkolenia za zakresu pierwszej pomocy BLS AED\",\"potentialAction\":[{\"@type\":\"SearchAction\",\"target\":{\"@type\":\"EntryPoint\",\"urlTemplate\":\"https:\/\/simm-system.pl\/?s={search_term_string}\"},\"query-input\":\"required name=search_term_string\"}],\"inLanguage\":\"pl-PL\"}]}<\/script>\n<!-- \/ Yoast SEO plugin. -->","yoast_head_json":{"title":"FANTOMY - simm-system","robots":{"index":"index","follow":"follow","max-snippet":"max-snippet:-1","max-image-preview":"max-image-preview:large","max-video-preview":"max-video-preview:-1"},"canonical":"https:\/\/simm-system.pl\/?page_id=209","og_locale":"pl_PL","og_type":"article","og_title":"FANTOMY - simm-system","og_description":"Na szkoleniach dost\u0119pne s\u0105 dla uczestnik\u00f3w fantomy renomowanych firm, my pracujemy na fantomach firmy LAERDAL. Posiadamy fantomy typu:&#8211; Little Anna QCPR fantom osoby doros\u0142ej (2&hellip;","og_url":"https:\/\/simm-system.pl\/?page_id=209","og_site_name":"simm-system","article_modified_time":"2024-02-25T21:06:51+00:00","og_image":[{"url":"http:\/\/simm-system.pl\/wp-content\/uploads\/2023\/12\/DSC_7373-867x1024.jpg"}],"twitter_card":"summary_large_image","schema":{"@context":"https:\/\/schema.org","@graph":[{"@type":"WebPage","@id":"https:\/\/simm-system.pl\/?page_id=209","url":"https:\/\/simm-system.pl\/?page_id=209","name":"FANTOMY - simm-system","isPartOf":{"@id":"https:\/\/simm-system.pl\/#website"},"datePublished":"2023-12-26T17:32:21+00:00","dateModified":"2024-02-25T21:06:51+00:00","breadcrumb":{"@id":"https:\/\/simm-system.pl\/?page_id=209#breadcrumb"},"inLanguage":"pl-PL","potentialAction":[{"@type":"ReadAction","target":["https:\/\/simm-system.pl\/?page_id=209"]}]},{"@type":"BreadcrumbList","@id":"https:\/\/simm-system.pl\/?page_id=209#breadcrumb","itemListElement":[{"@type":"ListItem","position":1,"name":"Home","item":"https:\/\/simm-system.pl\/"},{"@type":"ListItem","position":2,"name":"FANTOMY"}]},{"@type":"WebSite","@id":"https:\/\/simm-system.pl\/#website","url":"https:\/\/simm-system.pl\/","name":"simm-system","description":"Szkolenia za zakresu pierwszej pomocy BLS AED","potentialAction":[{"@type":"SearchAction","target":{"@type":"EntryPoint","urlTemplate":"https:\/\/simm-system.pl\/?s={search_term_string}"},"query-input":"required name=search_term_string"}],"inLanguage":"pl-PL"}]}},"_links":{"self":[{"href":"http:\/\/simm-system.pl\/index.php?rest_route=\/wp\/v2\/pages\/209","targetHints":{"allow":["GET"]}}],"collection":[{"href":"http:\/\/simm-system.pl\/index.php?rest_route=\/wp\/v2\/pages"}],"about":[{"href":"http:\/\/simm-system.pl\/index.php?rest_route=\/wp\/v2\/types\/page"}],"author":[{"embeddable":true,"href":"http:\/\/simm-system.pl\/index.php?rest_route=\/wp\/v2\/users\/1"}],"replies":[{"embeddable":true,"href":"http:\/\/simm-system.pl\/index.php?rest_route=%2Fwp%2Fv2%2Fcomments&post=209"}],"version-history":[{"count":5,"href":"http:\/\/simm-system.pl\/index.php?rest_route=\/wp\/v2\/pages\/209\/revisions"}],"predecessor-version":[{"id":477,"href":"http:\/\/simm-system.pl\/index.php?rest_route=\/wp\/v2\/pages\/209\/revisions\/477"}],"wp:attachment":[{"href":"http:\/\/simm-system.pl\/index.php?rest_route=%2Fwp%2Fv2%2Fmedia&parent=209"}],"curies":[{"name":"wp","href":"https:\/\/api.w.org\/{rel}","templated":true}]}}