{"id":184,"date":"2023-12-26T18:00:56","date_gmt":"2023-12-26T17:00:56","guid":{"rendered":"http:\/\/simm-system.pl\/?page_id=184"},"modified":"2026-03-04T22:15:18","modified_gmt":"2026-03-04T21:15:18","slug":"aleksandra-maciejewska","status":"publish","type":"page","link":"http:\/\/simm-system.pl\/?page_id=184","title":{"rendered":"Aleksandra Maciejewska"},"content":{"rendered":"\n<p><strong>Aleksandra Maciejewska <\/strong><br><strong>Ratownik, instruktor pierwszej pomocy<\/strong><br><strong>Instruktor symulacji medycznej na kierunku ratownictwo medyczne<\/strong><br><br>Kobieta o wielkim sercu i g\u0142\u00f3wnie na nim pracuje. Z Ol\u0105 przerobicie BLS\/AED, poznacie wszystkie pu\u0142apki. Potrafi za\u017cartowa\u0107, cho\u0107 bywa to kontrowersyjne w szczeg\u00f3lno\u015bci je\u015bli chodzi o pierwsz\u0105 pomoc przy nag\u0142ym zatrzymaniu kr\u0105\u017cenia. Posiada wiedz\u0119, ale to nie wszystko &#8211; ci\u0105gle si\u0119 doskonali w zawodzie, by jeszcze lepiej Wam to przekazywa\u0107. Jaraj\u0105 j\u0105 rurki gard\u0142owe i intubacja, co zrobi\u0107? Ju\u017c taka jest, a Wy na szkoleniach mo\u017cecie si\u0119 z ni\u0105 powkr\u0119ca\u0107 w rurki, wentylacj\u0119 i u\u017cycie AED. Lubi te\u017c pozoracje, wi\u0119c czasami mo\u017cna j\u0105 zobaczy\u0107 w nieco odmiennej charakteryzacji. Dzi\u0119ki kursom pediatrycznym ch\u0119tnie pracuje z dzie\u0107mi i z powodzeniem przeszkoli kadr\u0119 pedagogiczn\u0105, aby wiedzia\u0142a co robi\u0107 w nag\u0142ych sytuacjach z naszymi pociechami.<\/p>\n\n\n\n<figure class=\"wp-block-gallery has-nested-images columns-default is-cropped wp-block-gallery-1 is-layout-flex wp-block-gallery-is-layout-flex\">\n<figure class=\"wp-block-image size-large\"><img loading=\"lazy\" decoding=\"async\" width=\"770\" height=\"1024\" data-id=\"359\" src=\"http:\/\/simm-system.pl\/wp-content\/uploads\/2024\/01\/IMG_20231125_135901-770x1024.jpg\" alt=\"\" class=\"wp-image-359\" srcset=\"http:\/\/simm-system.pl\/wp-content\/uploads\/2024\/01\/IMG_20231125_135901-770x1024.jpg 770w, http:\/\/simm-system.pl\/wp-content\/uploads\/2024\/01\/IMG_20231125_135901-226x300.jpg 226w, http:\/\/simm-system.pl\/wp-content\/uploads\/2024\/01\/IMG_20231125_135901-768x1022.jpg 768w, http:\/\/simm-system.pl\/wp-content\/uploads\/2024\/01\/IMG_20231125_135901-1155x1536.jpg 1155w, http:\/\/simm-system.pl\/wp-content\/uploads\/2024\/01\/IMG_20231125_135901-1540x2048.jpg 1540w, http:\/\/simm-system.pl\/wp-content\/uploads\/2024\/01\/IMG_20231125_135901-600x798.jpg 600w, http:\/\/simm-system.pl\/wp-content\/uploads\/2024\/01\/IMG_20231125_135901-scaled.jpg 1924w\" sizes=\"auto, (max-width: 770px) 100vw, 770px\" \/><\/figure>\n\n\n\n<figure class=\"wp-block-image size-large\"><img loading=\"lazy\" decoding=\"async\" width=\"1024\" height=\"765\" data-id=\"358\" src=\"http:\/\/simm-system.pl\/wp-content\/uploads\/2024\/01\/347009753_1044212233650422_4297592834303793164_n-1024x765.jpg\" alt=\"\" class=\"wp-image-358\" srcset=\"http:\/\/simm-system.pl\/wp-content\/uploads\/2024\/01\/347009753_1044212233650422_4297592834303793164_n-1024x765.jpg 1024w, http:\/\/simm-system.pl\/wp-content\/uploads\/2024\/01\/347009753_1044212233650422_4297592834303793164_n-300x224.jpg 300w, http:\/\/simm-system.pl\/wp-content\/uploads\/2024\/01\/347009753_1044212233650422_4297592834303793164_n-768x574.jpg 768w, http:\/\/simm-system.pl\/wp-content\/uploads\/2024\/01\/347009753_1044212233650422_4297592834303793164_n-1536x1147.jpg 1536w, http:\/\/simm-system.pl\/wp-content\/uploads\/2024\/01\/347009753_1044212233650422_4297592834303793164_n-600x448.jpg 600w, http:\/\/simm-system.pl\/wp-content\/uploads\/2024\/01\/347009753_1044212233650422_4297592834303793164_n.jpg 1613w\" sizes=\"auto, (max-width: 1024px) 100vw, 1024px\" \/><\/figure>\n\n\n\n<figure class=\"wp-block-image size-large\"><img loading=\"lazy\" decoding=\"async\" width=\"768\" height=\"1024\" data-id=\"361\" src=\"http:\/\/simm-system.pl\/wp-content\/uploads\/2024\/01\/IMG-20231125-WA0007-768x1024.jpg\" alt=\"\" class=\"wp-image-361\" srcset=\"http:\/\/simm-system.pl\/wp-content\/uploads\/2024\/01\/IMG-20231125-WA0007-768x1024.jpg 768w, http:\/\/simm-system.pl\/wp-content\/uploads\/2024\/01\/IMG-20231125-WA0007-225x300.jpg 225w, http:\/\/simm-system.pl\/wp-content\/uploads\/2024\/01\/IMG-20231125-WA0007-1152x1536.jpg 1152w, http:\/\/simm-system.pl\/wp-content\/uploads\/2024\/01\/IMG-20231125-WA0007-600x800.jpg 600w, http:\/\/simm-system.pl\/wp-content\/uploads\/2024\/01\/IMG-20231125-WA0007.jpg 1536w\" sizes=\"auto, (max-width: 768px) 100vw, 768px\" \/><\/figure>\n<\/figure>\n\n\n\n<figure class=\"wp-block-gallery has-nested-images columns-default is-cropped wp-block-gallery-2 is-layout-flex wp-block-gallery-is-layout-flex\">\n<figure class=\"wp-block-image size-large\"><img loading=\"lazy\" decoding=\"async\" width=\"770\" height=\"1024\" data-id=\"560\" src=\"https:\/\/simm-system.pl\/wp-content\/uploads\/2024\/04\/img_20240211_103829-770x1024.jpg\" alt=\"\" class=\"wp-image-560\" srcset=\"http:\/\/simm-system.pl\/wp-content\/uploads\/2024\/04\/img_20240211_103829-770x1024.jpg 770w, http:\/\/simm-system.pl\/wp-content\/uploads\/2024\/04\/img_20240211_103829-226x300.jpg 226w, http:\/\/simm-system.pl\/wp-content\/uploads\/2024\/04\/img_20240211_103829-768x1022.jpg 768w, http:\/\/simm-system.pl\/wp-content\/uploads\/2024\/04\/img_20240211_103829-1155x1536.jpg 1155w, http:\/\/simm-system.pl\/wp-content\/uploads\/2024\/04\/img_20240211_103829-1540x2048.jpg 1540w, http:\/\/simm-system.pl\/wp-content\/uploads\/2024\/04\/img_20240211_103829-600x798.jpg 600w, http:\/\/simm-system.pl\/wp-content\/uploads\/2024\/04\/img_20240211_103829-scaled.jpg 1924w\" sizes=\"auto, (max-width: 770px) 100vw, 770px\" \/><\/figure>\n\n\n\n<figure class=\"wp-block-image size-full\"><img loading=\"lazy\" decoding=\"async\" width=\"538\" height=\"718\" data-id=\"562\" src=\"http:\/\/simm-system.pl\/wp-content\/uploads\/2024\/04\/img-20240124-wa0151000.jpg\" alt=\"\" class=\"wp-image-562\" srcset=\"http:\/\/simm-system.pl\/wp-content\/uploads\/2024\/04\/img-20240124-wa0151000.jpg 538w, http:\/\/simm-system.pl\/wp-content\/uploads\/2024\/04\/img-20240124-wa0151000-225x300.jpg 225w\" sizes=\"auto, (max-width: 538px) 100vw, 538px\" \/><\/figure>\n\n\n\n<figure class=\"wp-block-image size-large\"><img loading=\"lazy\" decoding=\"async\" width=\"770\" height=\"1024\" data-id=\"558\" src=\"https:\/\/simm-system.pl\/wp-content\/uploads\/2024\/04\/img_20240210_104650-1-770x1024.jpg\" alt=\"\" class=\"wp-image-558\" srcset=\"http:\/\/simm-system.pl\/wp-content\/uploads\/2024\/04\/img_20240210_104650-1-770x1024.jpg 770w, http:\/\/simm-system.pl\/wp-content\/uploads\/2024\/04\/img_20240210_104650-1-226x300.jpg 226w, http:\/\/simm-system.pl\/wp-content\/uploads\/2024\/04\/img_20240210_104650-1-768x1022.jpg 768w, http:\/\/simm-system.pl\/wp-content\/uploads\/2024\/04\/img_20240210_104650-1-1155x1536.jpg 1155w, http:\/\/simm-system.pl\/wp-content\/uploads\/2024\/04\/img_20240210_104650-1-1540x2048.jpg 1540w, http:\/\/simm-system.pl\/wp-content\/uploads\/2024\/04\/img_20240210_104650-1-600x798.jpg 600w, http:\/\/simm-system.pl\/wp-content\/uploads\/2024\/04\/img_20240210_104650-1-scaled.jpg 1924w\" sizes=\"auto, (max-width: 770px) 100vw, 770px\" \/><\/figure>\n<\/figure>\n","protected":false},"excerpt":{"rendered":"<p>Aleksandra Maciejewska Ratownik, instruktor pierwszej pomocyInstruktor symulacji medycznej na kierunku ratownictwo medyczne Kobieta o wielkim sercu i g\u0142\u00f3wnie na nim pracuje. Z Ol\u0105 przerobicie BLS\/AED,&hellip;<\/p>\n","protected":false},"author":1,"featured_media":0,"parent":0,"menu_order":0,"comment_status":"closed","ping_status":"closed","template":"","meta":{"footnotes":""},"class_list":["post-184","page","type-page","status-publish","hentry"],"yoast_head":"<!-- This site is optimized with the Yoast SEO plugin v20.0 - https:\/\/yoast.com\/wordpress\/plugins\/seo\/ -->\n<title>Aleksandra Maciejewska - simm-system<\/title>\n<meta name=\"robots\" content=\"index, follow, max-snippet:-1, max-image-preview:large, max-video-preview:-1\" \/>\n<link rel=\"canonical\" href=\"https:\/\/simm-system.pl\/?page_id=184\" \/>\n<meta property=\"og:locale\" content=\"pl_PL\" \/>\n<meta property=\"og:type\" content=\"article\" \/>\n<meta property=\"og:title\" content=\"Aleksandra Maciejewska - simm-system\" \/>\n<meta property=\"og:description\" content=\"Aleksandra Maciejewska Ratownik, instruktor pierwszej pomocyInstruktor symulacji medycznej na kierunku ratownictwo medyczne Kobieta o wielkim sercu i g\u0142\u00f3wnie na nim pracuje. Z Ol\u0105 przerobicie BLS\/AED,&hellip;\" \/>\n<meta property=\"og:url\" content=\"https:\/\/simm-system.pl\/?page_id=184\" \/>\n<meta property=\"og:site_name\" content=\"simm-system\" \/>\n<meta property=\"article:modified_time\" content=\"2026-03-04T21:15:18+00:00\" \/>\n<meta property=\"og:image\" content=\"http:\/\/simm-system.pl\/wp-content\/uploads\/2024\/01\/IMG_20231125_135901-770x1024.jpg\" \/>\n<meta name=\"twitter:card\" content=\"summary_large_image\" \/>\n<meta name=\"twitter:label1\" content=\"Szacowany czas czytania\" \/>\n\t<meta name=\"twitter:data1\" content=\"2 minuty\" \/>\n<script type=\"application\/ld+json\" class=\"yoast-schema-graph\">{\"@context\":\"https:\/\/schema.org\",\"@graph\":[{\"@type\":\"WebPage\",\"@id\":\"https:\/\/simm-system.pl\/?page_id=184\",\"url\":\"https:\/\/simm-system.pl\/?page_id=184\",\"name\":\"Aleksandra Maciejewska - simm-system\",\"isPartOf\":{\"@id\":\"https:\/\/simm-system.pl\/#website\"},\"datePublished\":\"2023-12-26T17:00:56+00:00\",\"dateModified\":\"2026-03-04T21:15:18+00:00\",\"breadcrumb\":{\"@id\":\"https:\/\/simm-system.pl\/?page_id=184#breadcrumb\"},\"inLanguage\":\"pl-PL\",\"potentialAction\":[{\"@type\":\"ReadAction\",\"target\":[\"https:\/\/simm-system.pl\/?page_id=184\"]}]},{\"@type\":\"BreadcrumbList\",\"@id\":\"https:\/\/simm-system.pl\/?page_id=184#breadcrumb\",\"itemListElement\":[{\"@type\":\"ListItem\",\"position\":1,\"name\":\"Home\",\"item\":\"https:\/\/simm-system.pl\/\"},{\"@type\":\"ListItem\",\"position\":2,\"name\":\"Aleksandra Maciejewska\"}]},{\"@type\":\"WebSite\",\"@id\":\"https:\/\/simm-system.pl\/#website\",\"url\":\"https:\/\/simm-system.pl\/\",\"name\":\"simm-system\",\"description\":\"Szkolenia za zakresu pierwszej pomocy BLS AED\",\"potentialAction\":[{\"@type\":\"SearchAction\",\"target\":{\"@type\":\"EntryPoint\",\"urlTemplate\":\"https:\/\/simm-system.pl\/?s={search_term_string}\"},\"query-input\":\"required name=search_term_string\"}],\"inLanguage\":\"pl-PL\"}]}<\/script>\n<!-- \/ Yoast SEO plugin. -->","yoast_head_json":{"title":"Aleksandra Maciejewska - simm-system","robots":{"index":"index","follow":"follow","max-snippet":"max-snippet:-1","max-image-preview":"max-image-preview:large","max-video-preview":"max-video-preview:-1"},"canonical":"https:\/\/simm-system.pl\/?page_id=184","og_locale":"pl_PL","og_type":"article","og_title":"Aleksandra Maciejewska - simm-system","og_description":"Aleksandra Maciejewska Ratownik, instruktor pierwszej pomocyInstruktor symulacji medycznej na kierunku ratownictwo medyczne Kobieta o wielkim sercu i g\u0142\u00f3wnie na nim pracuje. Z Ol\u0105 przerobicie BLS\/AED,&hellip;","og_url":"https:\/\/simm-system.pl\/?page_id=184","og_site_name":"simm-system","article_modified_time":"2026-03-04T21:15:18+00:00","og_image":[{"url":"http:\/\/simm-system.pl\/wp-content\/uploads\/2024\/01\/IMG_20231125_135901-770x1024.jpg"}],"twitter_card":"summary_large_image","twitter_misc":{"Szacowany czas czytania":"2 minuty"},"schema":{"@context":"https:\/\/schema.org","@graph":[{"@type":"WebPage","@id":"https:\/\/simm-system.pl\/?page_id=184","url":"https:\/\/simm-system.pl\/?page_id=184","name":"Aleksandra Maciejewska - simm-system","isPartOf":{"@id":"https:\/\/simm-system.pl\/#website"},"datePublished":"2023-12-26T17:00:56+00:00","dateModified":"2026-03-04T21:15:18+00:00","breadcrumb":{"@id":"https:\/\/simm-system.pl\/?page_id=184#breadcrumb"},"inLanguage":"pl-PL","potentialAction":[{"@type":"ReadAction","target":["https:\/\/simm-system.pl\/?page_id=184"]}]},{"@type":"BreadcrumbList","@id":"https:\/\/simm-system.pl\/?page_id=184#breadcrumb","itemListElement":[{"@type":"ListItem","position":1,"name":"Home","item":"https:\/\/simm-system.pl\/"},{"@type":"ListItem","position":2,"name":"Aleksandra Maciejewska"}]},{"@type":"WebSite","@id":"https:\/\/simm-system.pl\/#website","url":"https:\/\/simm-system.pl\/","name":"simm-system","description":"Szkolenia za zakresu pierwszej pomocy BLS AED","potentialAction":[{"@type":"SearchAction","target":{"@type":"EntryPoint","urlTemplate":"https:\/\/simm-system.pl\/?s={search_term_string}"},"query-input":"required name=search_term_string"}],"inLanguage":"pl-PL"}]}},"_links":{"self":[{"href":"http:\/\/simm-system.pl\/index.php?rest_route=\/wp\/v2\/pages\/184","targetHints":{"allow":["GET"]}}],"collection":[{"href":"http:\/\/simm-system.pl\/index.php?rest_route=\/wp\/v2\/pages"}],"about":[{"href":"http:\/\/simm-system.pl\/index.php?rest_route=\/wp\/v2\/types\/page"}],"author":[{"embeddable":true,"href":"http:\/\/simm-system.pl\/index.php?rest_route=\/wp\/v2\/users\/1"}],"replies":[{"embeddable":true,"href":"http:\/\/simm-system.pl\/index.php?rest_route=%2Fwp%2Fv2%2Fcomments&post=184"}],"version-history":[{"count":5,"href":"http:\/\/simm-system.pl\/index.php?rest_route=\/wp\/v2\/pages\/184\/revisions"}],"predecessor-version":[{"id":634,"href":"http:\/\/simm-system.pl\/index.php?rest_route=\/wp\/v2\/pages\/184\/revisions\/634"}],"wp:attachment":[{"href":"http:\/\/simm-system.pl\/index.php?rest_route=%2Fwp%2Fv2%2Fmedia&parent=184"}],"curies":[{"name":"wp","href":"https:\/\/api.w.org\/{rel}","templated":true}]}}