{"id":169,"date":"2023-12-26T17:42:05","date_gmt":"2023-12-26T16:42:05","guid":{"rendered":"http:\/\/simm-system.pl\/?page_id=169"},"modified":"2026-03-04T22:14:52","modified_gmt":"2026-03-04T21:14:52","slug":"szymon-kacala","status":"publish","type":"page","link":"http:\/\/simm-system.pl\/?page_id=169","title":{"rendered":"Szymon Kaca\u0142a"},"content":{"rendered":"\n<p><strong>Szymon Kaca\u0142a<br>Ratownik, instruktor pierwszej pomocy <\/strong><br><strong>Instruktor symulacji medycznej na kierunku ratownictwo medyczne<\/strong><br><strong>Za\u0142o\u017cyciel SIMM-SYSTEM<br><\/strong><br>Z pierwsz\u0105 pomoc\u0105 zwi\u0105zany zawodowo od wielu lat &#8211; to jego praca, a zarazem pasja, kt\u00f3ra zaowocowa\u0142a powstaniem SIMM-SYSTEM, czyli firmy szkoleniowej z zakresu pierwszej pomocy. <br>Szymon jest osob\u0105 o rozmaitych zainteresowaniach i rozleg\u0142ej wiedzy (nie tylko tej dotycz\u0105cej pierwszej pomocy), kt\u00f3r\u0105 ch\u0119tnie i z humorem wykorzystuje na szkoleniach. Bior\u0105cy udzia\u0142 w szkoleniach nie tylko wychodz\u0105 z nich z g\u0142owami pe\u0142nymi wiedzy oraz wy\u0107wiczonymi schematami post\u0119powa\u0144 w sytuacjach kryzysowych, ale jednocze\u015bnie dobrze si\u0119 na nich bawi\u0105. Szymon dzi\u0119ki swojemu poczuciu humoru potrafi rozrusza\u0107 niejedn\u0105 niesmia\u0142\u0105 osob\u0119, a jednocze\u015bnie do szkole\u0144 podchodzi niezwykle profesjonalnie i daje z siebie 100%. Swoj\u0105 wiedz\u0105 i u\u015bmiechem jest w stanie zara\u017ca\u0107 zar\u00f3wno doros\u0142ych, jak i dzieci. Ch\u0119tnie dzieli si\u0119 swoim do\u015bwiadczeniem ze wszystkimi, kt\u00f3rzy tylko zechc\u0105 je przyj\u0105\u0107. Potrafi zadba\u0107 o dobr\u0105 atmosfer\u0119 na szkoleniach, a dla swoich kursant\u00f3w ma zawsze mn\u00f3stwo cierpliwo\u015bci. <br><\/p>\n\n\n\n<p><\/p>\n\n\n\n<figure class=\"wp-block-gallery has-nested-images columns-default is-cropped wp-block-gallery-1 is-layout-flex wp-block-gallery-is-layout-flex\">\n<figure class=\"wp-block-image size-large\"><img loading=\"lazy\" decoding=\"async\" width=\"769\" height=\"1024\" data-id=\"304\" src=\"http:\/\/simm-system.pl\/wp-content\/uploads\/2023\/12\/387855245_289725690535834_328391117628331003_n-769x1024.jpg\" alt=\"\" class=\"wp-image-304\" srcset=\"http:\/\/simm-system.pl\/wp-content\/uploads\/2023\/12\/387855245_289725690535834_328391117628331003_n-769x1024.jpg 769w, http:\/\/simm-system.pl\/wp-content\/uploads\/2023\/12\/387855245_289725690535834_328391117628331003_n-225x300.jpg 225w, http:\/\/simm-system.pl\/wp-content\/uploads\/2023\/12\/387855245_289725690535834_328391117628331003_n-768x1022.jpg 768w, http:\/\/simm-system.pl\/wp-content\/uploads\/2023\/12\/387855245_289725690535834_328391117628331003_n-1154x1536.jpg 1154w, http:\/\/simm-system.pl\/wp-content\/uploads\/2023\/12\/387855245_289725690535834_328391117628331003_n-600x798.jpg 600w, http:\/\/simm-system.pl\/wp-content\/uploads\/2023\/12\/387855245_289725690535834_328391117628331003_n.jpg 1170w\" sizes=\"auto, (max-width: 769px) 100vw, 769px\" \/><\/figure>\n\n\n\n<figure class=\"wp-block-image size-large\"><img loading=\"lazy\" decoding=\"async\" width=\"1024\" height=\"683\" data-id=\"301\" src=\"http:\/\/simm-system.pl\/wp-content\/uploads\/2023\/12\/347116237_1373389379891910_5113259916168120109_n-1024x683.jpg\" alt=\"\" class=\"wp-image-301\" srcset=\"http:\/\/simm-system.pl\/wp-content\/uploads\/2023\/12\/347116237_1373389379891910_5113259916168120109_n-1024x683.jpg 1024w, http:\/\/simm-system.pl\/wp-content\/uploads\/2023\/12\/347116237_1373389379891910_5113259916168120109_n-300x200.jpg 300w, http:\/\/simm-system.pl\/wp-content\/uploads\/2023\/12\/347116237_1373389379891910_5113259916168120109_n-768x512.jpg 768w, http:\/\/simm-system.pl\/wp-content\/uploads\/2023\/12\/347116237_1373389379891910_5113259916168120109_n-1536x1025.jpg 1536w, http:\/\/simm-system.pl\/wp-content\/uploads\/2023\/12\/347116237_1373389379891910_5113259916168120109_n-600x400.jpg 600w, http:\/\/simm-system.pl\/wp-content\/uploads\/2023\/12\/347116237_1373389379891910_5113259916168120109_n.jpg 2048w\" sizes=\"auto, (max-width: 1024px) 100vw, 1024px\" \/><\/figure>\n\n\n\n<figure class=\"wp-block-image size-large\"><img loading=\"lazy\" decoding=\"async\" width=\"768\" height=\"1024\" data-id=\"299\" src=\"http:\/\/simm-system.pl\/wp-content\/uploads\/2023\/12\/338009499_619171926278582_7836969471992931305_n-768x1024.jpg\" alt=\"\" class=\"wp-image-299\" srcset=\"http:\/\/simm-system.pl\/wp-content\/uploads\/2023\/12\/338009499_619171926278582_7836969471992931305_n-768x1024.jpg 768w, http:\/\/simm-system.pl\/wp-content\/uploads\/2023\/12\/338009499_619171926278582_7836969471992931305_n-225x300.jpg 225w, http:\/\/simm-system.pl\/wp-content\/uploads\/2023\/12\/338009499_619171926278582_7836969471992931305_n-1152x1536.jpg 1152w, http:\/\/simm-system.pl\/wp-content\/uploads\/2023\/12\/338009499_619171926278582_7836969471992931305_n-600x800.jpg 600w, http:\/\/simm-system.pl\/wp-content\/uploads\/2023\/12\/338009499_619171926278582_7836969471992931305_n.jpg 1536w\" sizes=\"auto, (max-width: 768px) 100vw, 768px\" \/><\/figure>\n\n\n\n<figure class=\"wp-block-image size-large\"><img loading=\"lazy\" decoding=\"async\" width=\"769\" height=\"1024\" data-id=\"306\" src=\"http:\/\/simm-system.pl\/wp-content\/uploads\/2023\/12\/393444960_294494230058980_1942740812520963132_n-769x1024.jpg\" alt=\"\" class=\"wp-image-306\" srcset=\"http:\/\/simm-system.pl\/wp-content\/uploads\/2023\/12\/393444960_294494230058980_1942740812520963132_n-769x1024.jpg 769w, http:\/\/simm-system.pl\/wp-content\/uploads\/2023\/12\/393444960_294494230058980_1942740812520963132_n-225x300.jpg 225w, http:\/\/simm-system.pl\/wp-content\/uploads\/2023\/12\/393444960_294494230058980_1942740812520963132_n-768x1022.jpg 768w, http:\/\/simm-system.pl\/wp-content\/uploads\/2023\/12\/393444960_294494230058980_1942740812520963132_n-1154x1536.jpg 1154w, http:\/\/simm-system.pl\/wp-content\/uploads\/2023\/12\/393444960_294494230058980_1942740812520963132_n-600x798.jpg 600w, http:\/\/simm-system.pl\/wp-content\/uploads\/2023\/12\/393444960_294494230058980_1942740812520963132_n.jpg 1170w\" sizes=\"auto, (max-width: 769px) 100vw, 769px\" \/><\/figure>\n\n\n\n<figure class=\"wp-block-image size-large\"><img loading=\"lazy\" decoding=\"async\" width=\"1024\" height=\"769\" data-id=\"305\" src=\"http:\/\/simm-system.pl\/wp-content\/uploads\/2023\/12\/392751455_294494730058930_171765759240756755_n-1024x769.jpg\" alt=\"\" class=\"wp-image-305\" srcset=\"http:\/\/simm-system.pl\/wp-content\/uploads\/2023\/12\/392751455_294494730058930_171765759240756755_n-1024x769.jpg 1024w, http:\/\/simm-system.pl\/wp-content\/uploads\/2023\/12\/392751455_294494730058930_171765759240756755_n-300x225.jpg 300w, http:\/\/simm-system.pl\/wp-content\/uploads\/2023\/12\/392751455_294494730058930_171765759240756755_n-768x577.jpg 768w, http:\/\/simm-system.pl\/wp-content\/uploads\/2023\/12\/392751455_294494730058930_171765759240756755_n-600x451.jpg 600w, http:\/\/simm-system.pl\/wp-content\/uploads\/2023\/12\/392751455_294494730058930_171765759240756755_n.jpg 1170w\" sizes=\"auto, (max-width: 1024px) 100vw, 1024px\" \/><\/figure>\n\n\n\n<figure class=\"wp-block-image size-large\"><img loading=\"lazy\" decoding=\"async\" width=\"769\" height=\"1024\" data-id=\"303\" src=\"http:\/\/simm-system.pl\/wp-content\/uploads\/2023\/12\/356636819_232746176233786_2489534844528984661_n-769x1024.jpg\" alt=\"\" class=\"wp-image-303\" srcset=\"http:\/\/simm-system.pl\/wp-content\/uploads\/2023\/12\/356636819_232746176233786_2489534844528984661_n-769x1024.jpg 769w, http:\/\/simm-system.pl\/wp-content\/uploads\/2023\/12\/356636819_232746176233786_2489534844528984661_n-225x300.jpg 225w, http:\/\/simm-system.pl\/wp-content\/uploads\/2023\/12\/356636819_232746176233786_2489534844528984661_n-768x1023.jpg 768w, http:\/\/simm-system.pl\/wp-content\/uploads\/2023\/12\/356636819_232746176233786_2489534844528984661_n-1153x1536.jpg 1153w, http:\/\/simm-system.pl\/wp-content\/uploads\/2023\/12\/356636819_232746176233786_2489534844528984661_n-600x799.jpg 600w, http:\/\/simm-system.pl\/wp-content\/uploads\/2023\/12\/356636819_232746176233786_2489534844528984661_n.jpg 1170w\" sizes=\"auto, (max-width: 769px) 100vw, 769px\" \/><\/figure>\n<\/figure>\n","protected":false},"excerpt":{"rendered":"<p>Szymon Kaca\u0142aRatownik, instruktor pierwszej pomocy Instruktor symulacji medycznej na kierunku ratownictwo medyczneZa\u0142o\u017cyciel SIMM-SYSTEMZ pierwsz\u0105 pomoc\u0105 zwi\u0105zany zawodowo od wielu lat &#8211; to jego praca, a&hellip;<\/p>\n","protected":false},"author":1,"featured_media":0,"parent":0,"menu_order":0,"comment_status":"closed","ping_status":"closed","template":"","meta":{"footnotes":""},"class_list":["post-169","page","type-page","status-publish","hentry"],"yoast_head":"<!-- This site is optimized with the Yoast SEO plugin v20.0 - https:\/\/yoast.com\/wordpress\/plugins\/seo\/ -->\n<title>Szymon Kaca\u0142a - simm-system<\/title>\n<meta name=\"robots\" content=\"index, follow, max-snippet:-1, max-image-preview:large, max-video-preview:-1\" \/>\n<link rel=\"canonical\" href=\"https:\/\/simm-system.pl\/?page_id=169\" \/>\n<meta property=\"og:locale\" content=\"pl_PL\" \/>\n<meta property=\"og:type\" content=\"article\" \/>\n<meta property=\"og:title\" content=\"Szymon Kaca\u0142a - simm-system\" \/>\n<meta property=\"og:description\" content=\"Szymon Kaca\u0142aRatownik, instruktor pierwszej pomocy Instruktor symulacji medycznej na kierunku ratownictwo medyczneZa\u0142o\u017cyciel SIMM-SYSTEMZ pierwsz\u0105 pomoc\u0105 zwi\u0105zany zawodowo od wielu lat &#8211; to jego praca, a&hellip;\" \/>\n<meta property=\"og:url\" content=\"https:\/\/simm-system.pl\/?page_id=169\" \/>\n<meta property=\"og:site_name\" content=\"simm-system\" \/>\n<meta property=\"article:modified_time\" content=\"2026-03-04T21:14:52+00:00\" \/>\n<meta property=\"og:image\" content=\"http:\/\/simm-system.pl\/wp-content\/uploads\/2023\/12\/387855245_289725690535834_328391117628331003_n-769x1024.jpg\" \/>\n<meta name=\"twitter:card\" content=\"summary_large_image\" \/>\n<meta name=\"twitter:label1\" content=\"Szacowany czas czytania\" \/>\n\t<meta name=\"twitter:data1\" content=\"3 minuty\" \/>\n<script type=\"application\/ld+json\" class=\"yoast-schema-graph\">{\"@context\":\"https:\/\/schema.org\",\"@graph\":[{\"@type\":\"WebPage\",\"@id\":\"https:\/\/simm-system.pl\/?page_id=169\",\"url\":\"https:\/\/simm-system.pl\/?page_id=169\",\"name\":\"Szymon Kaca\u0142a - simm-system\",\"isPartOf\":{\"@id\":\"https:\/\/simm-system.pl\/#website\"},\"datePublished\":\"2023-12-26T16:42:05+00:00\",\"dateModified\":\"2026-03-04T21:14:52+00:00\",\"breadcrumb\":{\"@id\":\"https:\/\/simm-system.pl\/?page_id=169#breadcrumb\"},\"inLanguage\":\"pl-PL\",\"potentialAction\":[{\"@type\":\"ReadAction\",\"target\":[\"https:\/\/simm-system.pl\/?page_id=169\"]}]},{\"@type\":\"BreadcrumbList\",\"@id\":\"https:\/\/simm-system.pl\/?page_id=169#breadcrumb\",\"itemListElement\":[{\"@type\":\"ListItem\",\"position\":1,\"name\":\"Home\",\"item\":\"https:\/\/simm-system.pl\/\"},{\"@type\":\"ListItem\",\"position\":2,\"name\":\"Szymon Kaca\u0142a\"}]},{\"@type\":\"WebSite\",\"@id\":\"https:\/\/simm-system.pl\/#website\",\"url\":\"https:\/\/simm-system.pl\/\",\"name\":\"simm-system\",\"description\":\"Szkolenia za zakresu pierwszej pomocy BLS AED\",\"potentialAction\":[{\"@type\":\"SearchAction\",\"target\":{\"@type\":\"EntryPoint\",\"urlTemplate\":\"https:\/\/simm-system.pl\/?s={search_term_string}\"},\"query-input\":\"required name=search_term_string\"}],\"inLanguage\":\"pl-PL\"}]}<\/script>\n<!-- \/ Yoast SEO plugin. -->","yoast_head_json":{"title":"Szymon Kaca\u0142a - simm-system","robots":{"index":"index","follow":"follow","max-snippet":"max-snippet:-1","max-image-preview":"max-image-preview:large","max-video-preview":"max-video-preview:-1"},"canonical":"https:\/\/simm-system.pl\/?page_id=169","og_locale":"pl_PL","og_type":"article","og_title":"Szymon Kaca\u0142a - simm-system","og_description":"Szymon Kaca\u0142aRatownik, instruktor pierwszej pomocy Instruktor symulacji medycznej na kierunku ratownictwo medyczneZa\u0142o\u017cyciel SIMM-SYSTEMZ pierwsz\u0105 pomoc\u0105 zwi\u0105zany zawodowo od wielu lat &#8211; to jego praca, a&hellip;","og_url":"https:\/\/simm-system.pl\/?page_id=169","og_site_name":"simm-system","article_modified_time":"2026-03-04T21:14:52+00:00","og_image":[{"url":"http:\/\/simm-system.pl\/wp-content\/uploads\/2023\/12\/387855245_289725690535834_328391117628331003_n-769x1024.jpg"}],"twitter_card":"summary_large_image","twitter_misc":{"Szacowany czas czytania":"3 minuty"},"schema":{"@context":"https:\/\/schema.org","@graph":[{"@type":"WebPage","@id":"https:\/\/simm-system.pl\/?page_id=169","url":"https:\/\/simm-system.pl\/?page_id=169","name":"Szymon Kaca\u0142a - simm-system","isPartOf":{"@id":"https:\/\/simm-system.pl\/#website"},"datePublished":"2023-12-26T16:42:05+00:00","dateModified":"2026-03-04T21:14:52+00:00","breadcrumb":{"@id":"https:\/\/simm-system.pl\/?page_id=169#breadcrumb"},"inLanguage":"pl-PL","potentialAction":[{"@type":"ReadAction","target":["https:\/\/simm-system.pl\/?page_id=169"]}]},{"@type":"BreadcrumbList","@id":"https:\/\/simm-system.pl\/?page_id=169#breadcrumb","itemListElement":[{"@type":"ListItem","position":1,"name":"Home","item":"https:\/\/simm-system.pl\/"},{"@type":"ListItem","position":2,"name":"Szymon Kaca\u0142a"}]},{"@type":"WebSite","@id":"https:\/\/simm-system.pl\/#website","url":"https:\/\/simm-system.pl\/","name":"simm-system","description":"Szkolenia za zakresu pierwszej pomocy BLS AED","potentialAction":[{"@type":"SearchAction","target":{"@type":"EntryPoint","urlTemplate":"https:\/\/simm-system.pl\/?s={search_term_string}"},"query-input":"required name=search_term_string"}],"inLanguage":"pl-PL"}]}},"_links":{"self":[{"href":"http:\/\/simm-system.pl\/index.php?rest_route=\/wp\/v2\/pages\/169","targetHints":{"allow":["GET"]}}],"collection":[{"href":"http:\/\/simm-system.pl\/index.php?rest_route=\/wp\/v2\/pages"}],"about":[{"href":"http:\/\/simm-system.pl\/index.php?rest_route=\/wp\/v2\/types\/page"}],"author":[{"embeddable":true,"href":"http:\/\/simm-system.pl\/index.php?rest_route=\/wp\/v2\/users\/1"}],"replies":[{"embeddable":true,"href":"http:\/\/simm-system.pl\/index.php?rest_route=%2Fwp%2Fv2%2Fcomments&post=169"}],"version-history":[{"count":5,"href":"http:\/\/simm-system.pl\/index.php?rest_route=\/wp\/v2\/pages\/169\/revisions"}],"predecessor-version":[{"id":633,"href":"http:\/\/simm-system.pl\/index.php?rest_route=\/wp\/v2\/pages\/169\/revisions\/633"}],"wp:attachment":[{"href":"http:\/\/simm-system.pl\/index.php?rest_route=%2Fwp%2Fv2%2Fmedia&parent=169"}],"curies":[{"name":"wp","href":"https:\/\/api.w.org\/{rel}","templated":true}]}}